{"id":9906,"date":"2022-09-22T08:53:06","date_gmt":"2022-09-22T06:58:03","guid":{"rendered":"https:\/\/gokcemedikal.com\/uncategorized\/antiembolism-sock-crotch-size\/"},"modified":"2022-09-22T08:58:03","modified_gmt":"2022-09-22T06:58:03","slug":"antiembolism-corabi-muscle-length","status":"publish","type":"product","link":"https:\/\/gokcemedikal.com\/en\/compression-stockings\/antiembolism-corabi-muscle-length\/","title":{"rendered":"ANTIEMBOLISM SOCK CROTCH SIZE"},"content":{"rendered":"<div class=\"title\">PRODUCT STRUCTURE<\/div>\n<div class=\"answer\">It is used in circulatory problems extending to the area below the knee.<br \/>\nWHO standartlar\u0131na uygun anatomik tasar\u0131m, Uygun oranda Lycra ve nylon kuma\u015f.<\/p>\n<div class=\"title\">INDICATION<\/div>\n<div class=\"answer\">In varicose veins and varicosities, after sclerotherapy or laser treatment,<br \/>\nIn the stages after the healing phase of simple ulcers, childbirth, etc. after surgical conditions,<br \/>\nDaily use, Patients with few complaints or patients with high surgical risk, Preventive, edema relieving.<\/div>\n<\/div>\n<p>HOW WILL YOU WEAR YOUR VARICOSE VEINS SOCKS?<br \/>\nThe most restorative way is to wear it in the morning without getting out of bed, that is, without moving.<br \/>\nTo make it easier to put on, powder your legs with talcum powder if they are damp and wear the sock inside out, rolling it upwards after putting it on your heel.<br \/>\nInstead of grabbing and pulling the slips that may occur in your daily movements, carefully pull upwards with the fingertips from your ankle.<\/p>\n<p>&nbsp;<\/p>\n<p>Washing instructions:<br \/>\nHand wash your socks with warm soapy water.<br \/>\nAfter rinsing with plenty of water without wringing, dry with a towel, do not hang in direct sunlight.<\/p>\n<div class=\"answer\">Size<br \/>\nSMALL: Ankle Circumference 18-20cm \/\/ Lower Calf Circumference 28-36cm \/\/ Upper Calf Circumference 43-58cm<\/div>\n<div>MEDIUM: Ankle Circumference 21-23cm \/\/ Lower Calf Circumference 32-40cm Upper Calf Circumference 46-63cm<\/div>\n<div>LARGE: Ankle Circumference 24-26cm \/\/ Lower Calf Circumference 35-43cm Upper Calf Circumference 53-67cm<\/div>\n<div>XLARGE: Ankle Circumference 27-29cm \/\/ Lower Calf Circumference 38-46cm Upper Calf Circumference 58-73cm<\/div>\n<div>XXLARGE Ankle Circumference 30-32cm \/\/ Lower Calf Circumference41-49cm Upper Calf Circumference 65-81 cm<\/div>\n","protected":false},"excerpt":{"rendered":"<p>PRODUCT STRUCTURE It is used in circulatory problems extending to the area below the knee. WHO standartlar\u0131na uygun anatomik tasar\u0131m, Uygun oranda Lycra ve nylon kuma\u015f. INDICATION In varicose veins and varicosities, after sclerotherapy or laser treatment, In the stages after the healing phase of simple ulcers, childbirth, etc. after surgical conditions, Daily use, Patients [&hellip;]<\/p>\n","protected":false},"featured_media":9905,"template":"","meta":[],"product_brand":[],"product_cat":[319,306],"product_tag":[],"class_list":{"0":"post-9906","1":"product","2":"type-product","3":"status-publish","4":"has-post-thumbnail","6":"product_cat-compression-stockings","7":"product_cat-foot-and-leg-products","9":"first","10":"instock","11":"shipping-taxable","12":"product-type-variable"},"_links":{"self":[{"href":"https:\/\/gokcemedikal.com\/en\/wp-json\/wp\/v2\/product\/9906","targetHints":{"allow":["GET"]}}],"collection":[{"href":"https:\/\/gokcemedikal.com\/en\/wp-json\/wp\/v2\/product"}],"about":[{"href":"https:\/\/gokcemedikal.com\/en\/wp-json\/wp\/v2\/types\/product"}],"wp:featuredmedia":[{"embeddable":true,"href":"https:\/\/gokcemedikal.com\/en\/wp-json\/wp\/v2\/media\/9905"}],"wp:attachment":[{"href":"https:\/\/gokcemedikal.com\/en\/wp-json\/wp\/v2\/media?parent=9906"}],"wp:term":[{"taxonomy":"product_brand","embeddable":true,"href":"https:\/\/gokcemedikal.com\/en\/wp-json\/wp\/v2\/product_brand?post=9906"},{"taxonomy":"product_cat","embeddable":true,"href":"https:\/\/gokcemedikal.com\/en\/wp-json\/wp\/v2\/product_cat?post=9906"},{"taxonomy":"product_tag","embeddable":true,"href":"https:\/\/gokcemedikal.com\/en\/wp-json\/wp\/v2\/product_tag?post=9906"}],"curies":[{"name":"wp","href":"https:\/\/api.w.org\/{rel}","templated":true}]}}