{"id":9885,"date":"2022-09-21T16:39:47","date_gmt":"2022-09-21T14:42:55","guid":{"rendered":"https:\/\/gokcemedikal.com\/uncategorized\/antiembolism-sock-below-the-knee\/"},"modified":"2024-01-30T15:13:16","modified_gmt":"2024-01-30T13:13:16","slug":"antiembolism-corabi-knee-bottom","status":"publish","type":"product","link":"https:\/\/gokcemedikal.com\/en\/compression-stockings\/antiembolism-corabi-knee-bottom\/","title":{"rendered":"ANTIEMBOLISM SOCK BELOW THE KNEE"},"content":{"rendered":"<div class=\"title\">PRODUCT STRUCTURE<\/div>\n<div class=\"answer\">Diz alt\u0131 b\u00f6lgesine kadar uzanan dola\u015f\u0131m problemlerinde kullan\u0131l\u0131r.<br \/>\nWHO standartlar\u0131na uygun anatomik tasar\u0131m, Uygun oranda Lycra ve nylon kuma\u015f.<\/p>\n<div class=\"title\">END\u0130KASYON<\/div>\n<div class=\"answer\">Varis ve varikozitlerde, Skleroterapi veya lazer tedavi sonras\u0131,<br \/>\nBasit \u00fclserlerin iyile\u015fme safhas\u0131ndan sonraki safhalarda, Do\u011fum vb. cerrahi durumlardan sonra,<br \/>\nG\u00fcnl\u00fck kullan\u0131m, Yak\u0131nmas\u0131 az olan hastalar veya cerrahi riski y\u00fcksek olan hastalar, Korunma ama\u00e7l\u0131, \u00f6dem at\u0131c\u0131 \u00f6zelli\u011fe sahiptir.<\/div>\n<\/div>\n<p>HOW WILL YOU WEAR YOUR VARICOSE VEINS SOCKS?<br \/>\nThe most restorative way is to wear it in the morning before getting out of bed, that is, without moving.<br \/>\nTo make it easier to put on, powder your legs with talcum powder if they are damp and wear the sock inside out, rolling it upwards after putting it on your heel.<br \/>\nInstead of grabbing and pulling the slips that may occur in your daily movements, carefully pull upwards with the fingertips from your ankle.<\/p>\n<p>&nbsp;<\/p>\n<p>Washing instructions:<br \/>\nHand wash your socks with warm soapy water.<br \/>\nAfter rinsing with plenty of water without wringing, dry with a towel, do not hang in direct sunlight.<\/p>\n<div class=\"answer\">Size<br \/>\nSMALL: Ankle Circumference 18-20cm \/\/ Lower Calf Circumference 28-36cm<\/div>\n<div>MEDIUM: Wrist Circumference 21-23cm \/\/ Lower Calf Circumference 32-40cm<\/div>\n<div>LARGE: Wrist Circumference 24-26cm \/\/ Lower Calf Circumference 35-43cm<\/div>\n<div>XLARGE: Wrist Circumference 27-29cm \/\/ Lower Calf Circumference 38-46cm<\/div>\n<div>XXLARGE Ankle Circumference 30-32cm \/\/ Lower Calf Circumference41-49cm<\/div>\n","protected":false},"excerpt":{"rendered":"<p>PRODUCT STRUCTURE Diz alt\u0131 b\u00f6lgesine kadar uzanan dola\u015f\u0131m problemlerinde kullan\u0131l\u0131r. WHO standartlar\u0131na uygun anatomik tasar\u0131m, Uygun oranda Lycra ve nylon kuma\u015f. END\u0130KASYON Varis ve varikozitlerde, Skleroterapi veya lazer tedavi sonras\u0131, Basit \u00fclserlerin iyile\u015fme safhas\u0131ndan sonraki safhalarda, Do\u011fum vb. cerrahi durumlardan sonra, G\u00fcnl\u00fck kullan\u0131m, Yak\u0131nmas\u0131 az olan hastalar veya cerrahi riski y\u00fcksek olan hastalar, Korunma ama\u00e7l\u0131, [&hellip;]<\/p>\n","protected":false},"featured_media":9884,"template":"","meta":[],"product_brand":[],"product_cat":[319,306],"product_tag":[],"class_list":{"0":"post-9885","1":"product","2":"type-product","3":"status-publish","4":"has-post-thumbnail","6":"product_cat-compression-stockings","7":"product_cat-foot-and-leg-products","9":"first","10":"instock","11":"shipping-taxable","12":"product-type-variable"},"_links":{"self":[{"href":"https:\/\/gokcemedikal.com\/en\/wp-json\/wp\/v2\/product\/9885","targetHints":{"allow":["GET"]}}],"collection":[{"href":"https:\/\/gokcemedikal.com\/en\/wp-json\/wp\/v2\/product"}],"about":[{"href":"https:\/\/gokcemedikal.com\/en\/wp-json\/wp\/v2\/types\/product"}],"wp:featuredmedia":[{"embeddable":true,"href":"https:\/\/gokcemedikal.com\/en\/wp-json\/wp\/v2\/media\/9884"}],"wp:attachment":[{"href":"https:\/\/gokcemedikal.com\/en\/wp-json\/wp\/v2\/media?parent=9885"}],"wp:term":[{"taxonomy":"product_brand","embeddable":true,"href":"https:\/\/gokcemedikal.com\/en\/wp-json\/wp\/v2\/product_brand?post=9885"},{"taxonomy":"product_cat","embeddable":true,"href":"https:\/\/gokcemedikal.com\/en\/wp-json\/wp\/v2\/product_cat?post=9885"},{"taxonomy":"product_tag","embeddable":true,"href":"https:\/\/gokcemedikal.com\/en\/wp-json\/wp\/v2\/product_tag?post=9885"}],"curies":[{"name":"wp","href":"https:\/\/api.w.org\/{rel}","templated":true}]}}