{"id":9501,"date":"2022-06-09T08:23:39","date_gmt":"2022-06-25T05:41:20","guid":{"rendered":"https:\/\/gokcemedikal.com\/uncategorized\/msd-power-web-sari\/"},"modified":"2022-07-01T08:41:48","modified_gmt":"2022-07-01T06:41:48","slug":"msd-power-web-sari-2","status":"publish","type":"product","link":"https:\/\/gokcemedikal.com\/en\/physiotherapy-products\/msd-power-web-sari-2\/","title":{"rendered":"MSD POWER WEB SARI"},"content":{"rendered":"<p>Power Web,<\/p>\n<p>36 cm \u00e7ap\u0131, 450gr a\u011f\u0131rl\u0131\u011f\u0131 vard\u0131r.<\/p>\n<p>Benzersiz patentli dizayn\u0131 say\u0131s\u0131z egzersizi etkili ve konforlu bir \u015fekilde uygulanmas\u0131n\u0131 sa\u011flar.<\/p>\n<p>Uzun \u00f6m\u00fcrl\u00fc ve g\u00fc\u00e7l\u00fc olmas\u0131 amac\u0131yla \u00f6zel maddelerle desteklenmi\u015f y\u00fcksek kalite kau\u00e7uk yap\u0131s\u0131 sayesinde uzun y\u0131llar kullan\u0131labilir.<\/p>\n<p>&nbsp;<\/p>\n","protected":false},"excerpt":{"rendered":"<p>Power Web, 36 cm \u00e7ap\u0131, 450gr a\u011f\u0131rl\u0131\u011f\u0131 vard\u0131r. Benzersiz patentli dizayn\u0131 say\u0131s\u0131z egzersizi etkili ve konforlu bir \u015fekilde uygulanmas\u0131n\u0131 sa\u011flar. Uzun \u00f6m\u00fcrl\u00fc ve g\u00fc\u00e7l\u00fc olmas\u0131 amac\u0131yla \u00f6zel maddelerle desteklenmi\u015f y\u00fcksek kalite kau\u00e7uk yap\u0131s\u0131 sayesinde uzun y\u0131llar kullan\u0131labilir. &nbsp;<\/p>\n","protected":false},"featured_media":9280,"template":"","meta":[],"product_brand":[],"product_cat":[406],"product_tag":[],"class_list":{"0":"post-9501","1":"product","2":"type-product","3":"status-publish","4":"has-post-thumbnail","6":"product_cat-physiotherapy-products","8":"first","9":"instock","10":"shipping-taxable","11":"product-type-simple"},"_links":{"self":[{"href":"https:\/\/gokcemedikal.com\/en\/wp-json\/wp\/v2\/product\/9501","targetHints":{"allow":["GET"]}}],"collection":[{"href":"https:\/\/gokcemedikal.com\/en\/wp-json\/wp\/v2\/product"}],"about":[{"href":"https:\/\/gokcemedikal.com\/en\/wp-json\/wp\/v2\/types\/product"}],"wp:featuredmedia":[{"embeddable":true,"href":"https:\/\/gokcemedikal.com\/en\/wp-json\/wp\/v2\/media\/9280"}],"wp:attachment":[{"href":"https:\/\/gokcemedikal.com\/en\/wp-json\/wp\/v2\/media?parent=9501"}],"wp:term":[{"taxonomy":"product_brand","embeddable":true,"href":"https:\/\/gokcemedikal.com\/en\/wp-json\/wp\/v2\/product_brand?post=9501"},{"taxonomy":"product_cat","embeddable":true,"href":"https:\/\/gokcemedikal.com\/en\/wp-json\/wp\/v2\/product_cat?post=9501"},{"taxonomy":"product_tag","embeddable":true,"href":"https:\/\/gokcemedikal.com\/en\/wp-json\/wp\/v2\/product_tag?post=9501"}],"curies":[{"name":"wp","href":"https:\/\/api.w.org\/{rel}","templated":true}]}}