{"id":9496,"date":"2022-06-10T15:02:10","date_gmt":"2022-06-25T05:41:18","guid":{"rendered":"https:\/\/gokcemedikal.com\/uncategorized\/tabanlik-ark-destekli-silikon\/"},"modified":"2022-06-25T07:41:18","modified_gmt":"2022-06-25T05:41:18","slug":"tabanlik-ark-destekli-silikon-2","status":"publish","type":"product","link":"https:\/\/gokcemedikal.com\/en\/orthopedic-products\/foot-and-leg-products\/tabanlik-ark-destekli-silikon-2\/","title":{"rendered":"TABANLIK ARK DESTEKL\u0130 S\u0130L\u0130KON"},"content":{"rendered":"<p>%100 Silikon , mavi b\u00f6lgeleri bas\u0131 ve kerastoz deste\u011fi ama\u00e7l\u0131 yumu\u015fat\u0131lm\u0131\u015ft\u0131r. Ark b\u00f6lgesi dektekleyici nitelikte di\u011fer silikon tabanl\u0131klara g\u00f6re daha y\u00fcksektir. D\u00fcz Taban, Plantalar fasit, Topuk a\u011fr\u0131lar\u0131, Ark deste\u011fine ihtiya\u00e7 duyulan durumlar, Metatars b\u00f6lgesi a\u011fr\u0131lar\u0131, G\u00fcnl\u00fck kullan\u0131ma uygundur.<\/p>\n<p>Ayakkab\u0131 numaras\u0131:<\/p>\n<p>35-36 \/ 37-38 \/ 39-40 \/ 41-42 \/ 43-44 \/ 45-46<\/p>\n<p>&nbsp;<\/p>\n","protected":false},"excerpt":{"rendered":"<p>%100 Silikon , mavi b\u00f6lgeleri bas\u0131 ve kerastoz deste\u011fi ama\u00e7l\u0131 yumu\u015fat\u0131lm\u0131\u015ft\u0131r. Ark b\u00f6lgesi dektekleyici nitelikte di\u011fer silikon tabanl\u0131klara g\u00f6re daha y\u00fcksektir. D\u00fcz Taban, Plantalar fasit, Topuk a\u011fr\u0131lar\u0131, Ark deste\u011fine ihtiya\u00e7 duyulan durumlar, Metatars b\u00f6lgesi a\u011fr\u0131lar\u0131, G\u00fcnl\u00fck kullan\u0131ma uygundur. Ayakkab\u0131 numaras\u0131: 35-36 \/ 37-38 \/ 39-40 \/ 41-42 \/ 43-44 \/ 45-46 &nbsp;<\/p>\n","protected":false},"featured_media":9306,"template":"","meta":[],"product_brand":[],"product_cat":[306],"product_tag":[],"class_list":{"0":"post-9496","1":"product","2":"type-product","3":"status-publish","4":"has-post-thumbnail","6":"product_cat-foot-and-leg-products","8":"first","9":"instock","10":"shipping-taxable","11":"product-type-variable"},"_links":{"self":[{"href":"https:\/\/gokcemedikal.com\/en\/wp-json\/wp\/v2\/product\/9496","targetHints":{"allow":["GET"]}}],"collection":[{"href":"https:\/\/gokcemedikal.com\/en\/wp-json\/wp\/v2\/product"}],"about":[{"href":"https:\/\/gokcemedikal.com\/en\/wp-json\/wp\/v2\/types\/product"}],"wp:featuredmedia":[{"embeddable":true,"href":"https:\/\/gokcemedikal.com\/en\/wp-json\/wp\/v2\/media\/9306"}],"wp:attachment":[{"href":"https:\/\/gokcemedikal.com\/en\/wp-json\/wp\/v2\/media?parent=9496"}],"wp:term":[{"taxonomy":"product_brand","embeddable":true,"href":"https:\/\/gokcemedikal.com\/en\/wp-json\/wp\/v2\/product_brand?post=9496"},{"taxonomy":"product_cat","embeddable":true,"href":"https:\/\/gokcemedikal.com\/en\/wp-json\/wp\/v2\/product_cat?post=9496"},{"taxonomy":"product_tag","embeddable":true,"href":"https:\/\/gokcemedikal.com\/en\/wp-json\/wp\/v2\/product_tag?post=9496"}],"curies":[{"name":"wp","href":"https:\/\/api.w.org\/{rel}","templated":true}]}}