{"id":8517,"date":"2021-08-13T13:43:38","date_gmt":"2021-08-13T11:43:38","guid":{"rendered":"https:\/\/gokcemedikal.com\/shop\/uncategorized\/orthopedic-visco-pillow-large\/"},"modified":"2022-07-22T13:43:03","modified_gmt":"2022-07-22T11:43:03","slug":"orthopedic-visco-pillow-large","status":"publish","type":"product","link":"https:\/\/gokcemedikal.com\/en\/orthopedic-products\/pillow-types\/orthopedic-visco-pillow-large\/","title":{"rendered":"ORTHOPED\u0130C V\u0130SCO P\u0130LLOW LARGE"},"content":{"rendered":"<pre id=\"tw-target-text\" class=\"tw-data-text tw-text-large tw-ta\" data-placeholder=\"\u00c7eviri\"><span class=\"Y2IQFc\" lang=\"en\">Case visco pillow provides unmatched support and comfort for serious relaxation\r\nViscoelastic memory foam was developed by NASA after intense testing for astronauts exposed to high pressure.\r\nDensely dense viscoelastic foam shapes itself against your weight and body temperature and minimizes the pressure.\r\nAfter using the memory foam, it returns to its original shape\r\nHelps by keeping your neck and shoulders perfectly straight during the healing process of your neck problems.\r\nErgonomic design reduces muscle contractions, fatigue and stress\r\nAllergy protection helps inhibit bacteria and mites\r\nHelps prevent neck and shoulder pain, itching and snoring\r\nSince no CFC is used in the production of viscoelastic memory foam, it is harmless to the environment\r\nLARGE SIZE 60x40x14\/12cm<\/span><\/pre>\n","protected":false},"excerpt":{"rendered":"<p>Case visco pillow provides unmatched support and comfort for serious relaxation Viscoelastic memory foam was developed by NASA after intense testing for astronauts exposed to high pressure. Densely dense viscoelastic foam shapes itself against your weight and body temperature and minimizes the pressure. After using the memory foam, it returns to its original shape Helps [&hellip;]<\/p>\n","protected":false},"featured_media":5640,"template":"","meta":[],"product_brand":[],"product_cat":[312],"product_tag":[],"class_list":{"0":"post-8517","1":"product","2":"type-product","3":"status-publish","4":"has-post-thumbnail","6":"product_cat-pillow-types","8":"first","9":"instock","10":"shipping-taxable","11":"product-type-simple"},"_links":{"self":[{"href":"https:\/\/gokcemedikal.com\/en\/wp-json\/wp\/v2\/product\/8517","targetHints":{"allow":["GET"]}}],"collection":[{"href":"https:\/\/gokcemedikal.com\/en\/wp-json\/wp\/v2\/product"}],"about":[{"href":"https:\/\/gokcemedikal.com\/en\/wp-json\/wp\/v2\/types\/product"}],"wp:featuredmedia":[{"embeddable":true,"href":"https:\/\/gokcemedikal.com\/en\/wp-json\/wp\/v2\/media\/5640"}],"wp:attachment":[{"href":"https:\/\/gokcemedikal.com\/en\/wp-json\/wp\/v2\/media?parent=8517"}],"wp:term":[{"taxonomy":"product_brand","embeddable":true,"href":"https:\/\/gokcemedikal.com\/en\/wp-json\/wp\/v2\/product_brand?post=8517"},{"taxonomy":"product_cat","embeddable":true,"href":"https:\/\/gokcemedikal.com\/en\/wp-json\/wp\/v2\/product_cat?post=8517"},{"taxonomy":"product_tag","embeddable":true,"href":"https:\/\/gokcemedikal.com\/en\/wp-json\/wp\/v2\/product_tag?post=8517"}],"curies":[{"name":"wp","href":"https:\/\/api.w.org\/{rel}","templated":true}]}}