{"id":8445,"date":"2021-08-13T13:44:26","date_gmt":"2021-08-13T11:44:26","guid":{"rendered":"https:\/\/gokcemedikal.com\/shop\/uncategorized\/sponge-insoles\/"},"modified":"2022-10-17T13:49:12","modified_gmt":"2022-10-17T11:49:12","slug":"sunger-tabanlik","status":"publish","type":"product","link":"https:\/\/gokcemedikal.com\/en\/orthopedic-products\/foot-and-leg-products\/sunger-tabanlik\/","title":{"rendered":"TABANLIK S\u00dcNGER BABET \u0130\u00c7\u0130N"},"content":{"rendered":"<p id=\"tw-target-text\" class=\"tw-data-text tw-text-large tw-ta\" dir=\"ltr\" data-placeholder=\"\u00c7eviri\"><span class=\"Y2IQFc\" lang=\"tr\">Product description<\/span><\/p>\n<ul>\n<li class=\"tw-data-text tw-text-large tw-ta\" data-placeholder=\"\u00c7eviri\"><span class=\"Y2IQFc\" lang=\"tr\">3D tasarlanm\u0131\u015f i\u00e7 taban<\/span><\/li>\n<li class=\"tw-data-text tw-text-large tw-ta\" data-placeholder=\"\u00c7eviri\"><span class=\"Y2IQFc\" lang=\"tr\">Aya\u011f\u0131n\u0131z\u0131n \u00f6n k\u0131sm\u0131n\u0131n, kemer k\u0131s\u0131mlar\u0131n\u0131n, topuklar\u0131n\u0131za g\u00fc\u00e7l\u00fc destek ve \u015fok emilimini sa\u011flayabilir<\/span><\/li>\n<li class=\"tw-data-text tw-text-large tw-ta\" data-placeholder=\"\u00c7eviri\"><span class=\"Y2IQFc\" lang=\"tr\">Ayak stres noktalar\u0131n\u0131n dengesi ve aya\u011f\u0131n a\u011fr\u0131s\u0131n\u0131 hafifletebilir<\/span><\/li>\n<li class=\"tw-data-text tw-text-large tw-ta\" data-placeholder=\"\u00c7eviri\"><span class=\"Y2IQFc\" lang=\"tr\">Spor ve y\u00fcr\u00fcrken yorgunlu\u011fun azalt\u0131lmas\u0131 <\/span><\/li>\n<li class=\"tw-data-text tw-text-large tw-ta\" data-placeholder=\"\u00c7eviri\"><span class=\"Y2IQFc\" lang=\"tr\"> Esnek ve yumu\u015fak s\u00fcnger ayaklara b\u00fct\u00fcn g\u00fcn destek ve rahatl\u0131k verir.<\/span><\/li>\n<li data-placeholder=\"\u00c7eviri\">Tek boydur<\/li>\n<\/ul>\n","protected":false},"excerpt":{"rendered":"<p>Product description 3D tasarlanm\u0131\u015f i\u00e7 taban Aya\u011f\u0131n\u0131z\u0131n \u00f6n k\u0131sm\u0131n\u0131n, kemer k\u0131s\u0131mlar\u0131n\u0131n, topuklar\u0131n\u0131za g\u00fc\u00e7l\u00fc destek ve \u015fok emilimini sa\u011flayabilir Ayak stres noktalar\u0131n\u0131n dengesi ve aya\u011f\u0131n a\u011fr\u0131s\u0131n\u0131 hafifletebilir Spor ve y\u00fcr\u00fcrken yorgunlu\u011fun azalt\u0131lmas\u0131 Esnek ve yumu\u015fak s\u00fcnger ayaklara b\u00fct\u00fcn g\u00fcn destek ve rahatl\u0131k verir. Tek boydur<\/p>\n","protected":false},"featured_media":5692,"template":"","meta":[],"product_brand":[],"product_cat":[306],"product_tag":[],"class_list":{"0":"post-8445","1":"product","2":"type-product","3":"status-publish","4":"has-post-thumbnail","6":"product_cat-foot-and-leg-products","8":"first","9":"instock","10":"shipping-taxable","11":"product-type-simple"},"_links":{"self":[{"href":"https:\/\/gokcemedikal.com\/en\/wp-json\/wp\/v2\/product\/8445","targetHints":{"allow":["GET"]}}],"collection":[{"href":"https:\/\/gokcemedikal.com\/en\/wp-json\/wp\/v2\/product"}],"about":[{"href":"https:\/\/gokcemedikal.com\/en\/wp-json\/wp\/v2\/types\/product"}],"wp:featuredmedia":[{"embeddable":true,"href":"https:\/\/gokcemedikal.com\/en\/wp-json\/wp\/v2\/media\/5692"}],"wp:attachment":[{"href":"https:\/\/gokcemedikal.com\/en\/wp-json\/wp\/v2\/media?parent=8445"}],"wp:term":[{"taxonomy":"product_brand","embeddable":true,"href":"https:\/\/gokcemedikal.com\/en\/wp-json\/wp\/v2\/product_brand?post=8445"},{"taxonomy":"product_cat","embeddable":true,"href":"https:\/\/gokcemedikal.com\/en\/wp-json\/wp\/v2\/product_cat?post=8445"},{"taxonomy":"product_tag","embeddable":true,"href":"https:\/\/gokcemedikal.com\/en\/wp-json\/wp\/v2\/product_tag?post=8445"}],"curies":[{"name":"wp","href":"https:\/\/api.w.org\/{rel}","templated":true}]}}