{"id":8351,"date":"2021-08-13T13:45:15","date_gmt":"2021-08-13T11:45:15","guid":{"rendered":"https:\/\/gokcemedikal.com\/shop\/uncategorized\/aspirator-device-pa-2-uzumcu\/"},"modified":"2023-05-08T09:03:55","modified_gmt":"2023-05-08T07:03:55","slug":"aspirator-device-pa-2-uzumcu","status":"publish","type":"product","link":"https:\/\/gokcemedikal.com\/en\/patient-care-products\/treatment-products\/aspirator-device-pa-2-uzumcu\/","title":{"rendered":"ASPIRATOR DEVICE PA-2 \u00dcZ\u00dcMC\u00dc"},"content":{"rendered":"<pre id=\"tw-target-text\" class=\"tw-data-text tw-text-large tw-ta\" data-placeholder=\"\u00c7eviri\"><span class=\"Y2IQFc\" lang=\"en\">\u00dcz\u00fcmc\u00fc PA-2 aspiration device is used safely in all medical applications that require aspiration. Due to its portability, it can also be used in emergency units, polyclinics, examination rooms and bedside applications.\r\n\r\nPortable design suitable for handheld\r\n22 L\/min air flow\r\n2 liter capacity collection jar\r\nFloat system that prevents overflow and liquid from escaping to the pump\r\nbacteria filter\r\nMaintenance-free oil-free pump system\r\nDimensions (W x W x H) (mm): 160 x 365 x 345<\/span><\/pre>\n","protected":false},"excerpt":{"rendered":"<p>\u00dcz\u00fcmc\u00fc PA-2 aspiration device is used safely in all medical applications that require aspiration. Due to its portability, it can also be used in emergency units, polyclinics, examination rooms and bedside applications. Portable design suitable for handheld 22 L\/min air flow 2 liter capacity collection jar Float system that prevents overflow and liquid from escaping [&hellip;]<\/p>\n","protected":false},"featured_media":5771,"template":"","meta":[],"product_brand":[],"product_cat":[226],"product_tag":[],"class_list":{"0":"post-8351","1":"product","2":"type-product","3":"status-publish","4":"has-post-thumbnail","6":"product_cat-treatment-products","7":"product_shipping_class-big-cargo","9":"first","10":"instock","11":"shipping-taxable","12":"product-type-simple"},"_links":{"self":[{"href":"https:\/\/gokcemedikal.com\/en\/wp-json\/wp\/v2\/product\/8351","targetHints":{"allow":["GET"]}}],"collection":[{"href":"https:\/\/gokcemedikal.com\/en\/wp-json\/wp\/v2\/product"}],"about":[{"href":"https:\/\/gokcemedikal.com\/en\/wp-json\/wp\/v2\/types\/product"}],"wp:featuredmedia":[{"embeddable":true,"href":"https:\/\/gokcemedikal.com\/en\/wp-json\/wp\/v2\/media\/5771"}],"wp:attachment":[{"href":"https:\/\/gokcemedikal.com\/en\/wp-json\/wp\/v2\/media?parent=8351"}],"wp:term":[{"taxonomy":"product_brand","embeddable":true,"href":"https:\/\/gokcemedikal.com\/en\/wp-json\/wp\/v2\/product_brand?post=8351"},{"taxonomy":"product_cat","embeddable":true,"href":"https:\/\/gokcemedikal.com\/en\/wp-json\/wp\/v2\/product_cat?post=8351"},{"taxonomy":"product_tag","embeddable":true,"href":"https:\/\/gokcemedikal.com\/en\/wp-json\/wp\/v2\/product_tag?post=8351"}],"curies":[{"name":"wp","href":"https:\/\/api.w.org\/{rel}","templated":true}]}}