{"id":8350,"date":"2021-08-13T13:45:37","date_gmt":"2021-08-13T11:45:37","guid":{"rendered":"https:\/\/gokcemedikal.com\/shop\/uncategorized\/portable-aspirator-device-br-sm-153\/"},"modified":"2022-07-21T15:58:44","modified_gmt":"2022-07-21T13:58:44","slug":"portable-aspirator-device-br-sm-153","status":"publish","type":"product","link":"https:\/\/gokcemedikal.com\/en\/patient-care-products\/treatment-products\/portable-aspirator-device-br-sm-153\/","title":{"rendered":"PORTABLE ASP\u0130RAT\u00d6R DEV\u0130CE BR-SM 153"},"content":{"rendered":"<pre id=\"tw-target-text\" class=\"tw-data-text tw-text-large tw-ta\" data-placeholder=\"\u00c7eviri\"><span class=\"Y2IQFc\" lang=\"en\">Portable extractor fan\r\n1000 ml liquid reservoir\r\n17 l\/min air suction\r\n70 kpa negative suction\r\nAdjustable suction power\r\n500-550mmhg suction pressure\r\nSpecial stylish case design\r\npressure adjustable\r\n500-550 mmhg suction pressure\r\nSuitable for children and adults<\/span><\/pre>\n","protected":false},"excerpt":{"rendered":"<p>Portable extractor fan 1000 ml liquid reservoir 17 l\/min air suction 70 kpa negative suction Adjustable suction power 500-550mmhg suction pressure Special stylish case design pressure adjustable 500-550 mmhg suction pressure Suitable for children and adults<\/p>\n","protected":false},"featured_media":5782,"template":"","meta":[],"product_brand":[],"product_cat":[226],"product_tag":[],"class_list":{"0":"post-8350","1":"product","2":"type-product","3":"status-publish","4":"has-post-thumbnail","6":"product_cat-treatment-products","7":"product_shipping_class-big-cargo","9":"first","10":"instock","11":"shipping-taxable","12":"product-type-simple"},"_links":{"self":[{"href":"https:\/\/gokcemedikal.com\/en\/wp-json\/wp\/v2\/product\/8350","targetHints":{"allow":["GET"]}}],"collection":[{"href":"https:\/\/gokcemedikal.com\/en\/wp-json\/wp\/v2\/product"}],"about":[{"href":"https:\/\/gokcemedikal.com\/en\/wp-json\/wp\/v2\/types\/product"}],"wp:featuredmedia":[{"embeddable":true,"href":"https:\/\/gokcemedikal.com\/en\/wp-json\/wp\/v2\/media\/5782"}],"wp:attachment":[{"href":"https:\/\/gokcemedikal.com\/en\/wp-json\/wp\/v2\/media?parent=8350"}],"wp:term":[{"taxonomy":"product_brand","embeddable":true,"href":"https:\/\/gokcemedikal.com\/en\/wp-json\/wp\/v2\/product_brand?post=8350"},{"taxonomy":"product_cat","embeddable":true,"href":"https:\/\/gokcemedikal.com\/en\/wp-json\/wp\/v2\/product_cat?post=8350"},{"taxonomy":"product_tag","embeddable":true,"href":"https:\/\/gokcemedikal.com\/en\/wp-json\/wp\/v2\/product_tag?post=8350"}],"curies":[{"name":"wp","href":"https:\/\/api.w.org\/{rel}","templated":true}]}}