{"id":8312,"date":"2021-08-13T13:46:03","date_gmt":"2021-08-13T11:46:03","guid":{"rendered":"https:\/\/gokcemedikal.com\/shop\/uncategorized\/aquapak-sterile-distilled-water-760cc\/"},"modified":"2023-05-08T08:58:55","modified_gmt":"2023-05-08T06:58:55","slug":"aquapak-sterile-distilled-water-760cc","status":"publish","type":"product","link":"https:\/\/gokcemedikal.com\/en\/patient-care-products\/cleaning-products\/aquapak-sterile-distilled-water-760cc\/","title":{"rendered":"AQUAPAK STER\u0130LE D\u0130ST\u0130LLED WATER 760CC"},"content":{"rendered":"<pre id=\"tw-target-text\" class=\"tw-data-text tw-text-large tw-ta\" data-placeholder=\"\u00c7eviri\"><span class=\"Y2IQFc\" lang=\"en\">Aquapak Sterile Distilled water 760cc\r\nIt can be used for humidification in oxygen devices.<\/span><\/pre>\n","protected":false},"excerpt":{"rendered":"<p>Aquapak Sterile Distilled water 760cc It can be used for humidification in oxygen devices.<\/p>\n","protected":false},"featured_media":5838,"template":"","meta":[],"product_brand":[],"product_cat":[227],"product_tag":[],"class_list":{"0":"post-8312","1":"product","2":"type-product","3":"status-publish","4":"has-post-thumbnail","6":"product_cat-cleaning-products","8":"first","9":"instock","10":"shipping-taxable","11":"product-type-simple"},"_links":{"self":[{"href":"https:\/\/gokcemedikal.com\/en\/wp-json\/wp\/v2\/product\/8312","targetHints":{"allow":["GET"]}}],"collection":[{"href":"https:\/\/gokcemedikal.com\/en\/wp-json\/wp\/v2\/product"}],"about":[{"href":"https:\/\/gokcemedikal.com\/en\/wp-json\/wp\/v2\/types\/product"}],"wp:featuredmedia":[{"embeddable":true,"href":"https:\/\/gokcemedikal.com\/en\/wp-json\/wp\/v2\/media\/5838"}],"wp:attachment":[{"href":"https:\/\/gokcemedikal.com\/en\/wp-json\/wp\/v2\/media?parent=8312"}],"wp:term":[{"taxonomy":"product_brand","embeddable":true,"href":"https:\/\/gokcemedikal.com\/en\/wp-json\/wp\/v2\/product_brand?post=8312"},{"taxonomy":"product_cat","embeddable":true,"href":"https:\/\/gokcemedikal.com\/en\/wp-json\/wp\/v2\/product_cat?post=8312"},{"taxonomy":"product_tag","embeddable":true,"href":"https:\/\/gokcemedikal.com\/en\/wp-json\/wp\/v2\/product_tag?post=8312"}],"curies":[{"name":"wp","href":"https:\/\/api.w.org\/{rel}","templated":true}]}}