{"id":8038,"date":"2021-11-10T10:43:47","date_gmt":"2021-11-10T08:43:47","guid":{"rendered":"https:\/\/gokcemedikal.com\/shop\/uncategorized\/medicine-cabinet-with-material\/"},"modified":"2023-05-05T16:07:31","modified_gmt":"2023-05-05T14:07:31","slug":"medicine-cabinet-with-material","status":"publish","type":"product","link":"https:\/\/gokcemedikal.com\/en\/other-medical-equipment-device\/medicine-cabinet-with-material\/","title":{"rendered":"MED\u0130C\u0130NE CAB\u0130NET W\u0130TH MATER\u0130AL"},"content":{"rendered":"<ul>\n<li id=\"tw-target-text\" class=\"tw-data-text tw-text-large tw-ta\" data-placeholder=\"\u00c7eviri\"><span class=\"Y2IQFc\" lang=\"en\">Lightweight plastic construction measuring 30cm x 40cm x 15cm <\/span><\/li>\n<li class=\"tw-data-text tw-text-large tw-ta\" data-placeholder=\"\u00c7eviri\"><span class=\"Y2IQFc\" lang=\"en\">Locked cover <\/span><\/li>\n<li class=\"tw-data-text tw-text-large tw-ta\" data-placeholder=\"\u00c7eviri\"><span class=\"Y2IQFc\" lang=\"en\">Mounting screw is included. <\/span><\/li>\n<\/ul>\n<p><span class=\"Y2IQFc\" lang=\"en\">Material Content; <\/span><\/p>\n<ul>\n<li><span class=\"Y2IQFc\" lang=\"en\">5 pieces of 12,7cm*23cm Abdominal combine pad <\/span><\/li>\n<li><span class=\"Y2IQFc\" lang=\"en\">1 large kidney tub <\/span><\/li>\n<li><span class=\"Y2IQFc\" lang=\"en\">1 small kidney tub <\/span><\/li>\n<li><span class=\"Y2IQFc\" lang=\"en\">4 pairs of gloves <\/span><\/li>\n<li><span class=\"Y2IQFc\" lang=\"en\">3 autoclave tapes <\/span><\/li>\n<li><span class=\"Y2IQFc\" lang=\"en\">3 spare keys <\/span><\/li>\n<li><span class=\"Y2IQFc\" lang=\"en\">10 safety pins <\/span><\/li>\n<li><span class=\"Y2IQFc\" lang=\"en\">2 plastic collets <\/span><\/li>\n<li><span class=\"Y2IQFc\" lang=\"en\">1 artificial respiration mouthpiece <\/span><\/li>\n<li><span class=\"Y2IQFc\" lang=\"en\">1 piece of bandage scissors <\/span><\/li>\n<li><span class=\"Y2IQFc\" lang=\"en\">1 armpit degree <\/span><\/li>\n<li><span class=\"Y2IQFc\" lang=\"en\">2 pieces of 96*96*136 Triangular bandage <\/span><\/li>\n<li><span class=\"Y2IQFc\" lang=\"en\">1 piece of aluminum cover 130*120cm <\/span><\/li>\n<li><span class=\"Y2IQFc\" lang=\"en\">10 alcohol wipes pads <\/span><\/li>\n<li><span class=\"Y2IQFc\" lang=\"en\">15 pcs water 9mg Nacl clean sing wipe <\/span><\/li>\n<li><span class=\"Y2IQFc\" lang=\"en\">15 pure water soap wipes <\/span><\/li>\n<li><span class=\"Y2IQFc\" lang=\"en\">1 piece 13*22cm double bandage pad <\/span><\/li>\n<li><span class=\"Y2IQFc\" lang=\"en\">2 pieces of 7.5*450cm elastic bandages <\/span><\/li>\n<li><span class=\"Y2IQFc\" lang=\"en\">3 pieces of 7.5*450cm bandage bandages <\/span><\/li>\n<li><span class=\"Y2IQFc\" lang=\"en\">2 pieces of 80*100cm aid dressing pad <\/span><\/li>\n<li><span class=\"Y2IQFc\" lang=\"en\">10 pieces of 7.6*7.6 sterile gauze <\/span><\/li>\n<li><span class=\"Y2IQFc\" lang=\"en\">10 pieces of 10*10 sterile gauze <\/span><\/li>\n<li><span class=\"Y2IQFc\" lang=\"en\">10 pieces of 5*5 sterile gauze <\/span><\/li>\n<li><span class=\"Y2IQFc\" lang=\"en\">5 pcs of 5*7.5 eye pads <\/span><\/li>\n<li><span class=\"Y2IQFc\" lang=\"en\">2 pieces 400*600mm burn dressing <\/span><\/li>\n<li><span class=\"Y2IQFc\" lang=\"en\">2 cotton 5g 2 instant cold backs <\/span><\/li>\n<li><span class=\"Y2IQFc\" lang=\"en\">150 pieces of band-aid<\/span><\/li>\n<\/ul>\n","protected":false},"excerpt":{"rendered":"<p>Lightweight plastic construction measuring 30cm x 40cm x 15cm Locked cover Mounting screw is included. Material Content; 5 pieces of 12,7cm*23cm Abdominal combine pad 1 large kidney tub 1 small kidney tub 4 pairs of gloves 3 autoclave tapes 3 spare keys 10 safety pins 2 plastic collets 1 artificial respiration mouthpiece 1 piece of [&hellip;]<\/p>\n","protected":false},"featured_media":7295,"template":"","meta":[],"product_brand":[],"product_cat":[405,224],"product_tag":[],"class_list":{"0":"post-8038","1":"product","2":"type-product","3":"status-publish","4":"has-post-thumbnail","6":"product_cat-other-medical-equipment-device","7":"product_cat-products-of-the-week","9":"first","10":"instock","11":"shipping-taxable","12":"product-type-simple"},"_links":{"self":[{"href":"https:\/\/gokcemedikal.com\/en\/wp-json\/wp\/v2\/product\/8038","targetHints":{"allow":["GET"]}}],"collection":[{"href":"https:\/\/gokcemedikal.com\/en\/wp-json\/wp\/v2\/product"}],"about":[{"href":"https:\/\/gokcemedikal.com\/en\/wp-json\/wp\/v2\/types\/product"}],"wp:featuredmedia":[{"embeddable":true,"href":"https:\/\/gokcemedikal.com\/en\/wp-json\/wp\/v2\/media\/7295"}],"wp:attachment":[{"href":"https:\/\/gokcemedikal.com\/en\/wp-json\/wp\/v2\/media?parent=8038"}],"wp:term":[{"taxonomy":"product_brand","embeddable":true,"href":"https:\/\/gokcemedikal.com\/en\/wp-json\/wp\/v2\/product_brand?post=8038"},{"taxonomy":"product_cat","embeddable":true,"href":"https:\/\/gokcemedikal.com\/en\/wp-json\/wp\/v2\/product_cat?post=8038"},{"taxonomy":"product_tag","embeddable":true,"href":"https:\/\/gokcemedikal.com\/en\/wp-json\/wp\/v2\/product_tag?post=8038"}],"curies":[{"name":"wp","href":"https:\/\/api.w.org\/{rel}","templated":true}]}}