{"id":8036,"date":"2021-11-10T10:52:17","date_gmt":"2021-11-10T08:52:17","guid":{"rendered":"https:\/\/gokcemedikal.com\/shop\/uncategorized\/liquid-proof-bed-sheet-single-90cm-x-180cm\/"},"modified":"2022-07-02T08:32:08","modified_gmt":"2022-07-02T06:32:08","slug":"liquid-proof-bed-sheet-single-90cm-x-180cm","status":"publish","type":"product","link":"https:\/\/gokcemedikal.com\/en\/patient-care-products\/cleaning-products\/liquid-proof-bed-sheet-single-90cm-x-180cm\/","title":{"rendered":"L\u0130QU\u0130D PROOF BED SHEET S\u0130NGLE 90CM X 180 CM"},"content":{"rendered":"<ul>\n<li id=\"tw-target-text\" class=\"tw-data-text tw-text-large tw-ta\" data-placeholder=\"\u00c7eviri\"><span class=\"Y2IQFc\" lang=\"en\">Waterproof Mattress is produced to protect your mattress against unwanted dirt.<\/span><\/li>\n<li class=\"tw-data-text tw-text-large tw-ta\" data-placeholder=\"\u00c7eviri\"><span class=\"Y2IQFc\" lang=\"en\">Thanks to the membrane, its liquid-proof feature prevents unwanted liquids from entering the bed. <\/span><\/li>\n<li class=\"tw-data-text tw-text-large tw-ta\" data-placeholder=\"\u00c7eviri\"><span class=\"Y2IQFc\" lang=\"en\">You can wash it in the washing machine up to 60\u00b0, and you can dry it in the tumble dryer at low temperatures.<\/span><\/li>\n<\/ul>\n","protected":false},"excerpt":{"rendered":"<p>Waterproof Mattress is produced to protect your mattress against unwanted dirt. Thanks to the membrane, its liquid-proof feature prevents unwanted liquids from entering the bed. You can wash it in the washing machine up to 60\u00b0, and you can dry it in the tumble dryer at low temperatures.<\/p>\n","protected":false},"featured_media":7301,"template":"","meta":[],"product_brand":[],"product_cat":[227],"product_tag":[],"class_list":{"0":"post-8036","1":"product","2":"type-product","3":"status-publish","4":"has-post-thumbnail","6":"product_cat-cleaning-products","8":"first","9":"instock","10":"shipping-taxable","11":"product-type-simple"},"_links":{"self":[{"href":"https:\/\/gokcemedikal.com\/en\/wp-json\/wp\/v2\/product\/8036","targetHints":{"allow":["GET"]}}],"collection":[{"href":"https:\/\/gokcemedikal.com\/en\/wp-json\/wp\/v2\/product"}],"about":[{"href":"https:\/\/gokcemedikal.com\/en\/wp-json\/wp\/v2\/types\/product"}],"wp:featuredmedia":[{"embeddable":true,"href":"https:\/\/gokcemedikal.com\/en\/wp-json\/wp\/v2\/media\/7301"}],"wp:attachment":[{"href":"https:\/\/gokcemedikal.com\/en\/wp-json\/wp\/v2\/media?parent=8036"}],"wp:term":[{"taxonomy":"product_brand","embeddable":true,"href":"https:\/\/gokcemedikal.com\/en\/wp-json\/wp\/v2\/product_brand?post=8036"},{"taxonomy":"product_cat","embeddable":true,"href":"https:\/\/gokcemedikal.com\/en\/wp-json\/wp\/v2\/product_cat?post=8036"},{"taxonomy":"product_tag","embeddable":true,"href":"https:\/\/gokcemedikal.com\/en\/wp-json\/wp\/v2\/product_tag?post=8036"}],"curies":[{"name":"wp","href":"https:\/\/api.w.org\/{rel}","templated":true}]}}