{"id":8034,"date":"2021-11-10T08:56:07","date_gmt":"2021-11-10T08:56:07","guid":{"rendered":"https:\/\/gokcemedikal.com\/shop\/uncategorized\/finger-piercing-pen\/"},"modified":"2022-07-02T08:50:29","modified_gmt":"2022-07-02T06:50:29","slug":"finger-piercing-pen","status":"publish","type":"product","link":"https:\/\/gokcemedikal.com\/en\/diabetes-products\/finger-piercing-pen\/","title":{"rendered":"F\u0130NGER P\u0130ERC\u0130NG PEN"},"content":{"rendered":"<ul>\n<li id=\"tw-target-text\" class=\"tw-data-text tw-text-large tw-ta\" data-placeholder=\"\u00c7eviri\"><span class=\"Y2IQFc\" lang=\"en\">It is designed for minimal blood collection with practical use. <\/span><\/li>\n<li class=\"tw-data-text tw-text-large tw-ta\" data-placeholder=\"\u00c7eviri\"><span class=\"Y2IQFc\" lang=\"en\"> It provides comfortable use with sterile lancets. <\/span><\/li>\n<li class=\"tw-data-text tw-text-large tw-ta\" data-placeholder=\"\u00c7eviri\"><span class=\"Y2IQFc\" lang=\"en\"> It is designed for easy carrying.<\/span><\/li>\n<\/ul>\n","protected":false},"excerpt":{"rendered":"<p>It is designed for minimal blood collection with practical use. It provides comfortable use with sterile lancets. It is designed for easy carrying.<\/p>\n","protected":false},"featured_media":7305,"template":"","meta":[],"product_brand":[],"product_cat":[222],"product_tag":[],"class_list":{"0":"post-8034","1":"product","2":"type-product","3":"status-publish","4":"has-post-thumbnail","6":"product_cat-diabetes-products","8":"first","9":"instock","10":"shipping-taxable","11":"product-type-simple"},"_links":{"self":[{"href":"https:\/\/gokcemedikal.com\/en\/wp-json\/wp\/v2\/product\/8034","targetHints":{"allow":["GET"]}}],"collection":[{"href":"https:\/\/gokcemedikal.com\/en\/wp-json\/wp\/v2\/product"}],"about":[{"href":"https:\/\/gokcemedikal.com\/en\/wp-json\/wp\/v2\/types\/product"}],"wp:featuredmedia":[{"embeddable":true,"href":"https:\/\/gokcemedikal.com\/en\/wp-json\/wp\/v2\/media\/7305"}],"wp:attachment":[{"href":"https:\/\/gokcemedikal.com\/en\/wp-json\/wp\/v2\/media?parent=8034"}],"wp:term":[{"taxonomy":"product_brand","embeddable":true,"href":"https:\/\/gokcemedikal.com\/en\/wp-json\/wp\/v2\/product_brand?post=8034"},{"taxonomy":"product_cat","embeddable":true,"href":"https:\/\/gokcemedikal.com\/en\/wp-json\/wp\/v2\/product_cat?post=8034"},{"taxonomy":"product_tag","embeddable":true,"href":"https:\/\/gokcemedikal.com\/en\/wp-json\/wp\/v2\/product_tag?post=8034"}],"curies":[{"name":"wp","href":"https:\/\/api.w.org\/{rel}","templated":true}]}}