{"id":8014,"date":"2021-11-10T12:48:39","date_gmt":"2021-11-10T12:48:39","guid":{"rendered":"https:\/\/gokcemedikal.com\/shop\/uncategorized\/silicone-urine-catheter-rusch\/"},"modified":"2022-07-01T14:36:08","modified_gmt":"2022-07-01T12:36:08","slug":"silicone-urine-catheter-rusch","status":"publish","type":"product","link":"https:\/\/gokcemedikal.com\/en\/patient-care-products\/treatment-products\/silicone-urine-catheter-rusch\/","title":{"rendered":"S\u0130L\u0130CONE UR\u0130NE CATHETER RUSCH"},"content":{"rendered":"<p><span class=\"Y2IQFc\" lang=\"en\">Rusch Silicone Foley Catheter 2 Way <\/span><\/p>\n<ul>\n<li><span class=\"Y2IQFc\" lang=\"en\">Sterile Disposable <\/span><\/li>\n<li><span class=\"Y2IQFc\" lang=\"en\">100% silicone <\/span><\/li>\n<li><span class=\"Y2IQFc\" lang=\"en\">2 way<\/span><\/li>\n<\/ul>\n","protected":false},"excerpt":{"rendered":"<p>Rusch Silicone Foley Catheter 2 Way Sterile Disposable 100% silicone 2 way<\/p>\n","protected":false},"featured_media":7364,"template":"","meta":[],"product_brand":[],"product_cat":[226],"product_tag":[],"class_list":{"0":"post-8014","1":"product","2":"type-product","3":"status-publish","4":"has-post-thumbnail","6":"product_cat-treatment-products","8":"first","9":"instock","10":"shipping-taxable","11":"product-type-variable"},"_links":{"self":[{"href":"https:\/\/gokcemedikal.com\/en\/wp-json\/wp\/v2\/product\/8014","targetHints":{"allow":["GET"]}}],"collection":[{"href":"https:\/\/gokcemedikal.com\/en\/wp-json\/wp\/v2\/product"}],"about":[{"href":"https:\/\/gokcemedikal.com\/en\/wp-json\/wp\/v2\/types\/product"}],"wp:featuredmedia":[{"embeddable":true,"href":"https:\/\/gokcemedikal.com\/en\/wp-json\/wp\/v2\/media\/7364"}],"wp:attachment":[{"href":"https:\/\/gokcemedikal.com\/en\/wp-json\/wp\/v2\/media?parent=8014"}],"wp:term":[{"taxonomy":"product_brand","embeddable":true,"href":"https:\/\/gokcemedikal.com\/en\/wp-json\/wp\/v2\/product_brand?post=8014"},{"taxonomy":"product_cat","embeddable":true,"href":"https:\/\/gokcemedikal.com\/en\/wp-json\/wp\/v2\/product_cat?post=8014"},{"taxonomy":"product_tag","embeddable":true,"href":"https:\/\/gokcemedikal.com\/en\/wp-json\/wp\/v2\/product_tag?post=8014"}],"curies":[{"name":"wp","href":"https:\/\/api.w.org\/{rel}","templated":true}]}}