{"id":8007,"date":"2021-11-10T15:02:49","date_gmt":"2021-11-10T15:02:49","guid":{"rendered":"https:\/\/gokcemedikal.com\/shop\/uncategorized\/skin-traction-kit\/"},"modified":"2022-07-01T14:32:28","modified_gmt":"2022-07-01T12:32:28","slug":"skin-traction-kit","status":"publish","type":"product","link":"https:\/\/gokcemedikal.com\/en\/orthopedic-products\/foot-and-leg-products\/skin-traction-kit\/","title":{"rendered":"SK\u0130N TRACT\u0130ON K\u0130T"},"content":{"rendered":"<ul>\n<li id=\"tw-target-text\" class=\"tw-data-text tw-text-large tw-ta\" data-placeholder=\"\u00c7eviri\"><span class=\"Y2IQFc\" lang=\"en\">It is used to provide traction below the knee after injury or surgery. <\/span><\/li>\n<li class=\"tw-data-text tw-text-large tw-ta\" data-placeholder=\"\u00c7eviri\"><span class=\"Y2IQFc\" lang=\"en\">It keeps the bones in the correct alignment and immobilizes them in case of fractures or dislocations. <\/span><\/li>\n<li class=\"tw-data-text tw-text-large tw-ta\" data-placeholder=\"\u00c7eviri\"><span class=\"Y2IQFc\" lang=\"en\">It is hippoallergenic. <\/span><\/li>\n<li class=\"tw-data-text tw-text-large tw-ta\" data-placeholder=\"\u00c7eviri\"><span class=\"Y2IQFc\" lang=\"en\">Indication It is used in tibia and fibula fractures. <\/span><\/li>\n<li class=\"tw-data-text tw-text-large tw-ta\" data-placeholder=\"\u00c7eviri\"><span class=\"Y2IQFc\" lang=\"en\">There are two sizes, Small(S\/M) and Large(L\/XL).<\/span><\/li>\n<\/ul>\n","protected":false},"excerpt":{"rendered":"<p>It is used to provide traction below the knee after injury or surgery. It keeps the bones in the correct alignment and immobilizes them in case of fractures or dislocations. It is hippoallergenic. Indication It is used in tibia and fibula fractures. There are two sizes, Small(S\/M) and Large(L\/XL).<\/p>\n","protected":false},"featured_media":7359,"template":"","meta":[],"product_brand":[],"product_cat":[306],"product_tag":[],"class_list":{"0":"post-8007","1":"product","2":"type-product","3":"status-publish","4":"has-post-thumbnail","6":"product_cat-foot-and-leg-products","8":"first","9":"instock","10":"shipping-taxable","11":"product-type-variable"},"_links":{"self":[{"href":"https:\/\/gokcemedikal.com\/en\/wp-json\/wp\/v2\/product\/8007","targetHints":{"allow":["GET"]}}],"collection":[{"href":"https:\/\/gokcemedikal.com\/en\/wp-json\/wp\/v2\/product"}],"about":[{"href":"https:\/\/gokcemedikal.com\/en\/wp-json\/wp\/v2\/types\/product"}],"wp:featuredmedia":[{"embeddable":true,"href":"https:\/\/gokcemedikal.com\/en\/wp-json\/wp\/v2\/media\/7359"}],"wp:attachment":[{"href":"https:\/\/gokcemedikal.com\/en\/wp-json\/wp\/v2\/media?parent=8007"}],"wp:term":[{"taxonomy":"product_brand","embeddable":true,"href":"https:\/\/gokcemedikal.com\/en\/wp-json\/wp\/v2\/product_brand?post=8007"},{"taxonomy":"product_cat","embeddable":true,"href":"https:\/\/gokcemedikal.com\/en\/wp-json\/wp\/v2\/product_cat?post=8007"},{"taxonomy":"product_tag","embeddable":true,"href":"https:\/\/gokcemedikal.com\/en\/wp-json\/wp\/v2\/product_tag?post=8007"}],"curies":[{"name":"wp","href":"https:\/\/api.w.org\/{rel}","templated":true}]}}