{"id":8003,"date":"2021-11-10T15:23:38","date_gmt":"2021-11-10T15:23:38","guid":{"rendered":"https:\/\/gokcemedikal.com\/shop\/uncategorized\/thumb-stabilization-bracelet\/"},"modified":"2022-07-01T14:33:13","modified_gmt":"2022-07-01T12:33:13","slug":"thumb-stabilization-bracelet","status":"publish","type":"product","link":"https:\/\/gokcemedikal.com\/en\/orthopedic-products\/hand-and-wrist-products\/thumb-stabilization-bracelet\/","title":{"rendered":"THUMB STAB\u0130L\u0130ZAT\u0130ON BRACELET KB433"},"content":{"rendered":"<ul>\n<li id=\"tw-target-text\" class=\"tw-data-text tw-text-large tw-ta\" data-placeholder=\"\u00c7eviri\"><span class=\"Y2IQFc\" lang=\"en\">Case KB433 Knitted Thumb Stabilization Wristband<\/span><\/li>\n<li class=\"tw-data-text tw-text-large tw-ta\" data-placeholder=\"\u00c7eviri\"><span class=\"Y2IQFc\" lang=\"en\">Thumb stabilization, De quervain syndrome, spasticity, hemiplegia. <\/span><\/li>\n<li class=\"tw-data-text tw-text-large tw-ta\" data-placeholder=\"\u00c7eviri\"><span class=\"Y2IQFc\" lang=\"en\">It is made of elastic and breathable knitted fabric. <\/span><\/li>\n<li class=\"tw-data-text tw-text-large tw-ta\" data-placeholder=\"\u00c7eviri\"><span class=\"Y2IQFc\" lang=\"en\">It is produced in 3 adjustable sizes. SIZE OPTIONS ACCORDING TO WRIST CIRCUIT MEASUREMENT <\/span><\/li>\n<li class=\"tw-data-text tw-text-large tw-ta\" data-placeholder=\"\u00c7eviri\"><span class=\"Y2IQFc\" lang=\"en\">14-17 cm XS-M SIZE <\/span><\/li>\n<li class=\"tw-data-text tw-text-large tw-ta\" data-placeholder=\"\u00c7eviri\"><span class=\"Y2IQFc\" lang=\"en\">17-24 cm L-XXL SIZE<\/span><\/li>\n<\/ul>\n","protected":false},"excerpt":{"rendered":"<p>Case KB433 Knitted Thumb Stabilization Wristband Thumb stabilization, De quervain syndrome, spasticity, hemiplegia. It is made of elastic and breathable knitted fabric. It is produced in 3 adjustable sizes. SIZE OPTIONS ACCORDING TO WRIST CIRCUIT MEASUREMENT 14-17 cm XS-M SIZE 17-24 cm L-XXL SIZE<\/p>\n","protected":false},"featured_media":7369,"template":"","meta":[],"product_brand":[],"product_cat":[309],"product_tag":[],"class_list":{"0":"post-8003","1":"product","2":"type-product","3":"status-publish","4":"has-post-thumbnail","6":"product_cat-hand-and-wrist-products","8":"first","9":"instock","10":"shipping-taxable","11":"product-type-variable"},"_links":{"self":[{"href":"https:\/\/gokcemedikal.com\/en\/wp-json\/wp\/v2\/product\/8003","targetHints":{"allow":["GET"]}}],"collection":[{"href":"https:\/\/gokcemedikal.com\/en\/wp-json\/wp\/v2\/product"}],"about":[{"href":"https:\/\/gokcemedikal.com\/en\/wp-json\/wp\/v2\/types\/product"}],"wp:featuredmedia":[{"embeddable":true,"href":"https:\/\/gokcemedikal.com\/en\/wp-json\/wp\/v2\/media\/7369"}],"wp:attachment":[{"href":"https:\/\/gokcemedikal.com\/en\/wp-json\/wp\/v2\/media?parent=8003"}],"wp:term":[{"taxonomy":"product_brand","embeddable":true,"href":"https:\/\/gokcemedikal.com\/en\/wp-json\/wp\/v2\/product_brand?post=8003"},{"taxonomy":"product_cat","embeddable":true,"href":"https:\/\/gokcemedikal.com\/en\/wp-json\/wp\/v2\/product_cat?post=8003"},{"taxonomy":"product_tag","embeddable":true,"href":"https:\/\/gokcemedikal.com\/en\/wp-json\/wp\/v2\/product_tag?post=8003"}],"curies":[{"name":"wp","href":"https:\/\/api.w.org\/{rel}","templated":true}]}}