{"id":7986,"date":"2021-11-11T10:37:12","date_gmt":"2021-11-11T08:37:12","guid":{"rendered":"https:\/\/gokcemedikal.com\/shop\/uncategorized\/earplugs-with-silicone-drawstring\/"},"modified":"2022-07-01T14:14:46","modified_gmt":"2022-07-01T12:14:46","slug":"earplugs-with-silicone-drawstring","status":"publish","type":"product","link":"https:\/\/gokcemedikal.com\/en\/other-medical-equipment-device\/earplugs-with-silicone-drawstring\/","title":{"rendered":"EARPLUGS W\u0130TH S\u0130L\u0130CONE DRAWSTR\u0130NG"},"content":{"rendered":"<ul>\n<li id=\"tw-target-text\" class=\"tw-data-text tw-text-large tw-ta\" data-placeholder=\"\u00c7eviri\"><span class=\"Y2IQFc\" lang=\"en\">To sleep comfortably While travelling, <\/span><\/li>\n<li class=\"tw-data-text tw-text-large tw-ta\" data-placeholder=\"\u00c7eviri\"><span class=\"Y2IQFc\" lang=\"en\">While showering, <\/span><\/li>\n<li class=\"tw-data-text tw-text-large tw-ta\" data-placeholder=\"\u00c7eviri\"><span class=\"Y2IQFc\" lang=\"en\">At sea, <\/span><\/li>\n<li class=\"tw-data-text tw-text-large tw-ta\" data-placeholder=\"\u00c7eviri\"><span class=\"Y2IQFc\" lang=\"en\">While reading a book, <\/span><\/li>\n<li class=\"tw-data-text tw-text-large tw-ta\" data-placeholder=\"\u00c7eviri\"><span class=\"Y2IQFc\" lang=\"en\">Ideal for those working in noisy and loud workplaces. <\/span><\/li>\n<\/ul>\n<p><span class=\"Y2IQFc\" lang=\"en\">1- Hold the silicone ear protector by its thread and push it into your ear canal. (Until the external sound stops. Please do not push it in more than necessary.)<\/span><\/p>\n<p>2- Check the sensitivity with your fingertip.<\/p>\n<p>3- Use the string to remove the earplug.<\/p>\n","protected":false},"excerpt":{"rendered":"<p>To sleep comfortably While travelling, While showering, At sea, While reading a book, Ideal for those working in noisy and loud workplaces. 1- Hold the silicone ear protector by its thread and push it into your ear canal. (Until the external sound stops. Please do not push it in more than necessary.) 2- Check the [&hellip;]<\/p>\n","protected":false},"featured_media":7414,"template":"","meta":[],"product_brand":[],"product_cat":[405],"product_tag":[],"class_list":{"0":"post-7986","1":"product","2":"type-product","3":"status-publish","4":"has-post-thumbnail","6":"product_cat-other-medical-equipment-device","8":"first","9":"instock","10":"shipping-taxable","11":"product-type-simple"},"_links":{"self":[{"href":"https:\/\/gokcemedikal.com\/en\/wp-json\/wp\/v2\/product\/7986","targetHints":{"allow":["GET"]}}],"collection":[{"href":"https:\/\/gokcemedikal.com\/en\/wp-json\/wp\/v2\/product"}],"about":[{"href":"https:\/\/gokcemedikal.com\/en\/wp-json\/wp\/v2\/types\/product"}],"wp:featuredmedia":[{"embeddable":true,"href":"https:\/\/gokcemedikal.com\/en\/wp-json\/wp\/v2\/media\/7414"}],"wp:attachment":[{"href":"https:\/\/gokcemedikal.com\/en\/wp-json\/wp\/v2\/media?parent=7986"}],"wp:term":[{"taxonomy":"product_brand","embeddable":true,"href":"https:\/\/gokcemedikal.com\/en\/wp-json\/wp\/v2\/product_brand?post=7986"},{"taxonomy":"product_cat","embeddable":true,"href":"https:\/\/gokcemedikal.com\/en\/wp-json\/wp\/v2\/product_cat?post=7986"},{"taxonomy":"product_tag","embeddable":true,"href":"https:\/\/gokcemedikal.com\/en\/wp-json\/wp\/v2\/product_tag?post=7986"}],"curies":[{"name":"wp","href":"https:\/\/api.w.org\/{rel}","templated":true}]}}