{"id":7951,"date":"2021-11-12T11:58:28","date_gmt":"2021-11-12T09:58:28","guid":{"rendered":"https:\/\/gokcemedikal.com\/shop\/uncategorized\/disinfecting-apparatus\/"},"modified":"2022-07-01T09:28:20","modified_gmt":"2022-07-01T07:28:20","slug":"disinfecting-apparatus","status":"publish","type":"product","link":"https:\/\/gokcemedikal.com\/en\/disinfecting-products-and-mask-types\/disinfecting-apparatus\/","title":{"rendered":"D\u0130S\u0130NFECT\u0130NG APPARATUS"},"content":{"rendered":"<ul>\n<li id=\"tw-target-text\" class=\"tw-data-text tw-text-large tw-ta\" data-placeholder=\"\u00c7eviri\"><span class=\"Y2IQFc\" lang=\"en\">Disinfectant bottle has 1000ml capacity<\/span><\/li>\n<li class=\"tw-data-text tw-text-large tw-ta\" data-placeholder=\"\u00c7eviri\"><span class=\"Y2IQFc\" lang=\"en\">Long press handle specially designed for hands-free use with arm or elbow <\/span><\/li>\n<li class=\"tw-data-text tw-text-large tw-ta\" data-placeholder=\"\u00c7eviri\"><span class=\"Y2IQFc\" lang=\"en\">Wall mountable dowels and screws are included in the box. <\/span><\/li>\n<li class=\"tw-data-text tw-text-large tw-ta\" data-placeholder=\"\u00c7eviri\"><span class=\"Y2IQFc\" lang=\"en\">Easy-to-change replacement cartridge 1000ml empty cartridge with pump is included in the package<\/span><\/li>\n<\/ul>\n","protected":false},"excerpt":{"rendered":"<p>Disinfectant bottle has 1000ml capacity Long press handle specially designed for hands-free use with arm or elbow Wall mountable dowels and screws are included in the box. Easy-to-change replacement cartridge 1000ml empty cartridge with pump is included in the package<\/p>\n","protected":false},"featured_media":7507,"template":"","meta":[],"product_brand":[],"product_cat":[221],"product_tag":[],"class_list":{"0":"post-7951","1":"product","2":"type-product","3":"status-publish","4":"has-post-thumbnail","6":"product_cat-disinfecting-products-and-mask-types","8":"first","9":"instock","10":"shipping-taxable","11":"product-type-simple"},"_links":{"self":[{"href":"https:\/\/gokcemedikal.com\/en\/wp-json\/wp\/v2\/product\/7951","targetHints":{"allow":["GET"]}}],"collection":[{"href":"https:\/\/gokcemedikal.com\/en\/wp-json\/wp\/v2\/product"}],"about":[{"href":"https:\/\/gokcemedikal.com\/en\/wp-json\/wp\/v2\/types\/product"}],"wp:featuredmedia":[{"embeddable":true,"href":"https:\/\/gokcemedikal.com\/en\/wp-json\/wp\/v2\/media\/7507"}],"wp:attachment":[{"href":"https:\/\/gokcemedikal.com\/en\/wp-json\/wp\/v2\/media?parent=7951"}],"wp:term":[{"taxonomy":"product_brand","embeddable":true,"href":"https:\/\/gokcemedikal.com\/en\/wp-json\/wp\/v2\/product_brand?post=7951"},{"taxonomy":"product_cat","embeddable":true,"href":"https:\/\/gokcemedikal.com\/en\/wp-json\/wp\/v2\/product_cat?post=7951"},{"taxonomy":"product_tag","embeddable":true,"href":"https:\/\/gokcemedikal.com\/en\/wp-json\/wp\/v2\/product_tag?post=7951"}],"curies":[{"name":"wp","href":"https:\/\/api.w.org\/{rel}","templated":true}]}}