{"id":7941,"date":"2021-11-12T14:32:13","date_gmt":"2021-11-12T12:32:13","guid":{"rendered":"https:\/\/gokcemedikal.com\/shop\/uncategorized\/medicine-box-daily\/"},"modified":"2022-07-01T08:50:33","modified_gmt":"2022-07-01T06:50:33","slug":"medicine-box-daily","status":"publish","type":"product","link":"https:\/\/gokcemedikal.com\/en\/patient-care-products\/treatment-products\/medicine-box-daily\/","title":{"rendered":"MED\u0130C\u0130NE BOX DA\u0130LY"},"content":{"rendered":"<ul>\n<li id=\"tw-target-text\" class=\"tw-data-text tw-text-large tw-ta\" data-placeholder=\"\u00c7eviri\"><span class=\"Y2IQFc\" lang=\"en\">daily medicine box <\/span><\/li>\n<li class=\"tw-data-text tw-text-large tw-ta\" data-placeholder=\"\u00c7eviri\"><span class=\"Y2IQFc\" lang=\"en\">4 Sections<\/span><\/li>\n<\/ul>\n","protected":false},"excerpt":{"rendered":"<p>daily medicine box 4 Sections<\/p>\n","protected":false},"featured_media":7538,"template":"","meta":[],"product_brand":[],"product_cat":[226],"product_tag":[],"class_list":{"0":"post-7941","1":"product","2":"type-product","3":"status-publish","4":"has-post-thumbnail","6":"product_cat-treatment-products","8":"first","9":"instock","10":"shipping-taxable","11":"product-type-simple"},"_links":{"self":[{"href":"https:\/\/gokcemedikal.com\/en\/wp-json\/wp\/v2\/product\/7941","targetHints":{"allow":["GET"]}}],"collection":[{"href":"https:\/\/gokcemedikal.com\/en\/wp-json\/wp\/v2\/product"}],"about":[{"href":"https:\/\/gokcemedikal.com\/en\/wp-json\/wp\/v2\/types\/product"}],"wp:featuredmedia":[{"embeddable":true,"href":"https:\/\/gokcemedikal.com\/en\/wp-json\/wp\/v2\/media\/7538"}],"wp:attachment":[{"href":"https:\/\/gokcemedikal.com\/en\/wp-json\/wp\/v2\/media?parent=7941"}],"wp:term":[{"taxonomy":"product_brand","embeddable":true,"href":"https:\/\/gokcemedikal.com\/en\/wp-json\/wp\/v2\/product_brand?post=7941"},{"taxonomy":"product_cat","embeddable":true,"href":"https:\/\/gokcemedikal.com\/en\/wp-json\/wp\/v2\/product_cat?post=7941"},{"taxonomy":"product_tag","embeddable":true,"href":"https:\/\/gokcemedikal.com\/en\/wp-json\/wp\/v2\/product_tag?post=7941"}],"curies":[{"name":"wp","href":"https:\/\/api.w.org\/{rel}","templated":true}]}}