{"id":12626,"date":"2026-04-21T09:03:50","date_gmt":"2026-04-21T07:06:48","guid":{"rendered":"https:\/\/gokcemedikal.com\/uncategorized\/hallux-valgus-night-splint-bandage\/"},"modified":"2026-04-21T09:06:48","modified_gmt":"2026-04-21T07:06:48","slug":"hallux-valgus-night-splint-bandage","status":"publish","type":"product","link":"https:\/\/gokcemedikal.com\/en\/orthopedic-products\/foot-and-leg-products\/hallux-valgus-night-splint-bandage\/","title":{"rendered":"Hallux valgus night splint bandage"},"content":{"rendered":"<p>It is necessary to prevent lateral deviation of the big toe during sleep.<br \/>\nElastic, breathable terry cloth that prevents sweating in the metatarsal area.<br \/>\nSuitable for use inside shoes.<br \/>\nAvailable in right and left sizes.<br \/>\nOne size fits all.<\/p>\n","protected":false},"excerpt":{"rendered":"<p>Ayak ba\u015fparma\u011f\u0131n\u0131n yanal deviasyonunun engellenmesinin sa\u011flanmas\u0131 gerekir, uyku s\u0131ras\u0131nda.<br \/>\nElastik, metatars b\u00f6lgesini terletmeyen havlu kuma\u015f.<br \/>\nAyakkab\u0131 i\u00e7i kullan\u0131ma uygundur.<br \/>\nSa\u011f ve sol bedenleri bulunmaktad\u0131r.<br \/>\nTek bedendir.<\/p>\n","protected":false},"featured_media":12625,"template":"","meta":[],"product_brand":[],"product_cat":[306],"product_tag":[],"class_list":{"0":"post-12626","1":"product","2":"type-product","3":"status-publish","4":"has-post-thumbnail","6":"product_cat-foot-and-leg-products","8":"first","9":"instock","10":"shipping-taxable","11":"product-type-simple"},"_links":{"self":[{"href":"https:\/\/gokcemedikal.com\/en\/wp-json\/wp\/v2\/product\/12626","targetHints":{"allow":["GET"]}}],"collection":[{"href":"https:\/\/gokcemedikal.com\/en\/wp-json\/wp\/v2\/product"}],"about":[{"href":"https:\/\/gokcemedikal.com\/en\/wp-json\/wp\/v2\/types\/product"}],"wp:featuredmedia":[{"embeddable":true,"href":"https:\/\/gokcemedikal.com\/en\/wp-json\/wp\/v2\/media\/12625"}],"wp:attachment":[{"href":"https:\/\/gokcemedikal.com\/en\/wp-json\/wp\/v2\/media?parent=12626"}],"wp:term":[{"taxonomy":"product_brand","embeddable":true,"href":"https:\/\/gokcemedikal.com\/en\/wp-json\/wp\/v2\/product_brand?post=12626"},{"taxonomy":"product_cat","embeddable":true,"href":"https:\/\/gokcemedikal.com\/en\/wp-json\/wp\/v2\/product_cat?post=12626"},{"taxonomy":"product_tag","embeddable":true,"href":"https:\/\/gokcemedikal.com\/en\/wp-json\/wp\/v2\/product_tag?post=12626"}],"curies":[{"name":"wp","href":"https:\/\/api.w.org\/{rel}","templated":true}]}}