{"id":12559,"date":"2026-04-16T13:42:51","date_gmt":"2026-04-16T11:42:51","guid":{"rendered":"https:\/\/gokcemedikal.com\/?post_type=product&#038;p=12559"},"modified":"2026-04-16T13:42:51","modified_gmt":"2026-04-16T11:42:51","slug":"dijital-beden-derecesi-dmt-2055","status":"publish","type":"product","link":"https:\/\/gokcemedikal.com\/en\/ates-olcerler-ve-aksamlari\/dijital-beden-derecesi-dmt-2055\/","title":{"rendered":"D\u0130J\u0130TAL BEDEN DERECES\u0130 DMT-2055"},"content":{"rendered":"<p>A\u011f\u0131z, koltuk alt\u0131 ve rektalden \u00f6l\u00e7\u00fcm yapabilme<br \/>\n\u00d6l\u00e7\u00fcm aral\u0131\u011f\u0131: 32.0\u2103 \u2013 42.9\u2103 (90.0\u2109 \u2013 109.9\u2109)<br \/>\nHassasiyet: \u00b10.1\u2103 (35.5\u2103 \u2013 42.0\u2103) \/ \u00b10.2\u2109 (95.9\u2109 \u2013 107.6\u2109)<br \/>\nS\u0131v\u0131 kristal ekran (LCD), 3 1\/2 haneli<br \/>\nSon \u00f6l\u00e7\u00fcm haf\u0131zas\u0131<br \/>\nPil \u00f6mr\u00fc yakla\u015f\u0131k 200 saat<br \/>\nEsnek u\u00e7lu, her ya\u015f grubuna uygun<br \/>\nTa\u015f\u0131ma ve saklama kab\u0131 dahildir<\/p>\n","protected":false},"excerpt":{"rendered":"<p>A\u011f\u0131z, koltuk alt\u0131 ve rektalden \u00f6l\u00e7\u00fcm yapabilme<br \/>\n\u00d6l\u00e7\u00fcm aral\u0131\u011f\u0131: 32.0\u2103 \u2013 42.9\u2103 (90.0\u2109 \u2013 109.9\u2109)<br \/>\nHassasiyet: \u00b10.1\u2103 (35.5\u2103 \u2013 42.0\u2103) \/ \u00b10.2\u2109 (95.9\u2109 \u2013 107.6\u2109)<br \/>\nS\u0131v\u0131 kristal ekran (LCD), 3 1\/2 haneli<br \/>\nSon \u00f6l\u00e7\u00fcm haf\u0131zas\u0131<br \/>\nPil \u00f6mr\u00fc yakla\u015f\u0131k 200 saat<br \/>\nEsnek u\u00e7lu, her ya\u015f grubuna uygun<br \/>\nTa\u015f\u0131ma ve saklama kab\u0131 dahildir<\/p>\n","protected":false},"featured_media":12560,"template":"","meta":[],"product_brand":[],"product_cat":[646],"product_tag":[],"class_list":{"0":"post-12559","1":"product","2":"type-product","3":"status-publish","4":"has-post-thumbnail","6":"product_cat-ates-olcerler-ve-aksamlari","8":"first","9":"instock","10":"shipping-taxable","11":"product-type-simple"},"_links":{"self":[{"href":"https:\/\/gokcemedikal.com\/en\/wp-json\/wp\/v2\/product\/12559","targetHints":{"allow":["GET"]}}],"collection":[{"href":"https:\/\/gokcemedikal.com\/en\/wp-json\/wp\/v2\/product"}],"about":[{"href":"https:\/\/gokcemedikal.com\/en\/wp-json\/wp\/v2\/types\/product"}],"wp:featuredmedia":[{"embeddable":true,"href":"https:\/\/gokcemedikal.com\/en\/wp-json\/wp\/v2\/media\/12560"}],"wp:attachment":[{"href":"https:\/\/gokcemedikal.com\/en\/wp-json\/wp\/v2\/media?parent=12559"}],"wp:term":[{"taxonomy":"product_brand","embeddable":true,"href":"https:\/\/gokcemedikal.com\/en\/wp-json\/wp\/v2\/product_brand?post=12559"},{"taxonomy":"product_cat","embeddable":true,"href":"https:\/\/gokcemedikal.com\/en\/wp-json\/wp\/v2\/product_cat?post=12559"},{"taxonomy":"product_tag","embeddable":true,"href":"https:\/\/gokcemedikal.com\/en\/wp-json\/wp\/v2\/product_tag?post=12559"}],"curies":[{"name":"wp","href":"https:\/\/api.w.org\/{rel}","templated":true}]}}