{"id":12541,"date":"2026-04-15T16:01:41","date_gmt":"2026-04-15T14:01:41","guid":{"rendered":"https:\/\/gokcemedikal.com\/?post_type=product&#038;p=12541"},"modified":"2026-04-15T16:01:42","modified_gmt":"2026-04-15T14:01:42","slug":"havali-yatak-baklava-tipi-abc","status":"publish","type":"product","link":"https:\/\/gokcemedikal.com\/en\/hasta-bakim-urunleri\/tedavi-urunleri\/havali-yatak-baklava-tipi-abc\/","title":{"rendered":"HAVALI YATAK BAKLAVA T\u0130P\u0130 ABC"},"content":{"rendered":"<p>Aircase ac-201 baloncuklu haval\u0131 yatak sistemi<br \/>\nHaval\u0131 yatak bas\u0131nc\u0131 a\u011fr\u0131l\u0131 evrenin tedavisi ve \u00f6nlenmesi i\u00e7in tasarlanm\u0131\u015ft\u0131r. Hastane sonras\u0131 ve evde bak\u0131m tedavilerinde kullan\u0131l\u0131r. Haval\u0131 yatak 7 cm y\u00fcksekli\u011f<br \/>\nY\u00fckseklik10 cm<br \/>\nYays\u0131z<br \/>\nLateks malzemeye sahip<\/p>\n","protected":false},"excerpt":{"rendered":"<p>Aircase ac-201 baloncuklu haval\u0131 yatak sistemi<br \/>\nHaval\u0131 yatak bas\u0131nc\u0131 a\u011fr\u0131l\u0131 evrenin tedavisi ve \u00f6nlenmesi i\u00e7in tasarlanm\u0131\u015ft\u0131r. Hastane sonras\u0131 ve evde bak\u0131m tedavilerinde kullan\u0131l\u0131r. Haval\u0131 yatak 7 cm y\u00fcksekli\u011f<br \/>\nY\u00fckseklik10 cm<br \/>\nYays\u0131z<br \/>\nLateks malzemeye sahip<\/p>\n","protected":false},"featured_media":12542,"template":"","meta":[],"product_brand":[],"product_cat":[49],"product_tag":[],"class_list":{"0":"post-12541","1":"product","2":"type-product","3":"status-publish","4":"has-post-thumbnail","6":"product_cat-tedavi-urunleri","8":"first","9":"instock","10":"shipping-taxable","11":"product-type-simple"},"_links":{"self":[{"href":"https:\/\/gokcemedikal.com\/en\/wp-json\/wp\/v2\/product\/12541","targetHints":{"allow":["GET"]}}],"collection":[{"href":"https:\/\/gokcemedikal.com\/en\/wp-json\/wp\/v2\/product"}],"about":[{"href":"https:\/\/gokcemedikal.com\/en\/wp-json\/wp\/v2\/types\/product"}],"wp:featuredmedia":[{"embeddable":true,"href":"https:\/\/gokcemedikal.com\/en\/wp-json\/wp\/v2\/media\/12542"}],"wp:attachment":[{"href":"https:\/\/gokcemedikal.com\/en\/wp-json\/wp\/v2\/media?parent=12541"}],"wp:term":[{"taxonomy":"product_brand","embeddable":true,"href":"https:\/\/gokcemedikal.com\/en\/wp-json\/wp\/v2\/product_brand?post=12541"},{"taxonomy":"product_cat","embeddable":true,"href":"https:\/\/gokcemedikal.com\/en\/wp-json\/wp\/v2\/product_cat?post=12541"},{"taxonomy":"product_tag","embeddable":true,"href":"https:\/\/gokcemedikal.com\/en\/wp-json\/wp\/v2\/product_tag?post=12541"}],"curies":[{"name":"wp","href":"https:\/\/api.w.org\/{rel}","templated":true}]}}