{"id":12415,"date":"2026-04-01T13:40:09","date_gmt":"2026-04-01T11:40:09","guid":{"rendered":"https:\/\/gokcemedikal.com\/?post_type=product&#038;p=12415"},"modified":"2026-04-01T13:42:52","modified_gmt":"2026-04-01T11:42:52","slug":"fs-732lq-tekerlekli-sandalye","status":"publish","type":"product","link":"https:\/\/gokcemedikal.com\/en\/tekerlekli-sandalyeler\/fs-732lq-tekerlekli-sandalye\/","title":{"rendered":"FS 732LQ TEKERLEKL\u0130 SANDALYE"},"content":{"rendered":"<p>Al\u00fcminyum \u00e7er\u00e7eve<br \/>\nKatlanabilir s\u0131rtl\u0131k<br \/>\nKol dayama yeri<br \/>\nSabit ayak dayama yeri<br \/>\nY\u00fcksekli\u011fi ayarlanabilir ayakl\u0131k<br \/>\nSa\u011flam \u00f6n tekerlek<br \/>\nH\u0131zl\u0131 \u00e7\u0131kar\u0131labilir hafif pneumatik arka tekerlek<br \/>\nEkstra s\u00fcnger oturma ve s\u0131rt yast\u0131\u011f\u0131<\/p>\n","protected":false},"excerpt":{"rendered":"<p>Al\u00fcminyum \u00e7er\u00e7eve<br \/>\nKatlanabilir s\u0131rtl\u0131k<br \/>\nKol dayama yeri<br \/>\nSabit ayak dayama yeri<br \/>\nY\u00fcksekli\u011fi ayarlanabilir ayakl\u0131k<br \/>\nSa\u011flam \u00f6n tekerlek<br \/>\nH\u0131zl\u0131 \u00e7\u0131kar\u0131labilir hafif pneumatik arka tekerlek<br \/>\nEkstra s\u00fcnger oturma ve s\u0131rt yast\u0131\u011f\u0131<\/p>\n","protected":false},"featured_media":12416,"template":"","meta":[],"product_brand":[],"product_cat":[39],"product_tag":[],"class_list":{"0":"post-12415","1":"product","2":"type-product","3":"status-publish","4":"has-post-thumbnail","6":"product_cat-tekerlekli-sandalyeler","8":"first","9":"instock","10":"shipping-taxable","11":"product-type-simple"},"_links":{"self":[{"href":"https:\/\/gokcemedikal.com\/en\/wp-json\/wp\/v2\/product\/12415","targetHints":{"allow":["GET"]}}],"collection":[{"href":"https:\/\/gokcemedikal.com\/en\/wp-json\/wp\/v2\/product"}],"about":[{"href":"https:\/\/gokcemedikal.com\/en\/wp-json\/wp\/v2\/types\/product"}],"wp:featuredmedia":[{"embeddable":true,"href":"https:\/\/gokcemedikal.com\/en\/wp-json\/wp\/v2\/media\/12416"}],"wp:attachment":[{"href":"https:\/\/gokcemedikal.com\/en\/wp-json\/wp\/v2\/media?parent=12415"}],"wp:term":[{"taxonomy":"product_brand","embeddable":true,"href":"https:\/\/gokcemedikal.com\/en\/wp-json\/wp\/v2\/product_brand?post=12415"},{"taxonomy":"product_cat","embeddable":true,"href":"https:\/\/gokcemedikal.com\/en\/wp-json\/wp\/v2\/product_cat?post=12415"},{"taxonomy":"product_tag","embeddable":true,"href":"https:\/\/gokcemedikal.com\/en\/wp-json\/wp\/v2\/product_tag?post=12415"}],"curies":[{"name":"wp","href":"https:\/\/api.w.org\/{rel}","templated":true}]}}