{"id":12392,"date":"2026-04-01T09:47:54","date_gmt":"2026-04-01T07:47:54","guid":{"rendered":"https:\/\/gokcemedikal.com\/?post_type=product&#038;p=12392"},"modified":"2026-04-02T08:43:08","modified_gmt":"2026-04-02T06:43:08","slug":"endostall-manuel-tansiyon-aleti","status":"publish","type":"product","link":"https:\/\/gokcemedikal.com\/en\/tansiyon-aletleri-ve-aksamlari\/endostall-manuel-tansiyon-aleti\/","title":{"rendered":"ENDOSTALL MANUEL TANS\u0130YON ALET\u0130"},"content":{"rendered":"<p>Tansiyon aleti manuel yeti\u015fkin perfect<br \/>\nKolay kullanim ergonomik dizayn,<br \/>\nKrom kapli manometre ve puar<br \/>\n\u00c7ift hortumlu manometre ba\u011flantisi<br \/>\nKavu\u00e7uk puar<br \/>\nKancali ve bez man\u015fon<br \/>\n0-300 mmhg manometre<br \/>\nHizli \u015fi\u015firme<br \/>\nAyarlanabilir kalibrasyon<br \/>\nTa\u015fima \u00e7antasi<\/p>\n","protected":false},"excerpt":{"rendered":"<p>Tansiyon aleti manuel yeti\u015fkin perfect<br \/>\nKolay kullanim ergonomik dizayn,<br \/>\nKrom kapli manometre ve puar<br \/>\n\u00c7ift hortumlu manometre ba\u011flantisi<br \/>\nKavu\u00e7uk puar<br \/>\nKancali ve bez man\u015fon<br \/>\n0-300 mmhg manometre<br \/>\nHizli \u015fi\u015firme<br \/>\nAyarlanabilir kalibrasyon<br \/>\nTa\u015fima \u00e7antasi<\/p>\n","protected":false},"featured_media":12393,"template":"","meta":[],"product_brand":[],"product_cat":[33],"product_tag":[],"class_list":{"0":"post-12392","1":"product","2":"type-product","3":"status-publish","4":"has-post-thumbnail","6":"product_cat-tansiyon-aletleri-ve-aksamlari","8":"first","9":"instock","10":"shipping-taxable","11":"product-type-simple"},"_links":{"self":[{"href":"https:\/\/gokcemedikal.com\/en\/wp-json\/wp\/v2\/product\/12392","targetHints":{"allow":["GET"]}}],"collection":[{"href":"https:\/\/gokcemedikal.com\/en\/wp-json\/wp\/v2\/product"}],"about":[{"href":"https:\/\/gokcemedikal.com\/en\/wp-json\/wp\/v2\/types\/product"}],"wp:featuredmedia":[{"embeddable":true,"href":"https:\/\/gokcemedikal.com\/en\/wp-json\/wp\/v2\/media\/12393"}],"wp:attachment":[{"href":"https:\/\/gokcemedikal.com\/en\/wp-json\/wp\/v2\/media?parent=12392"}],"wp:term":[{"taxonomy":"product_brand","embeddable":true,"href":"https:\/\/gokcemedikal.com\/en\/wp-json\/wp\/v2\/product_brand?post=12392"},{"taxonomy":"product_cat","embeddable":true,"href":"https:\/\/gokcemedikal.com\/en\/wp-json\/wp\/v2\/product_cat?post=12392"},{"taxonomy":"product_tag","embeddable":true,"href":"https:\/\/gokcemedikal.com\/en\/wp-json\/wp\/v2\/product_tag?post=12392"}],"curies":[{"name":"wp","href":"https:\/\/api.w.org\/{rel}","templated":true}]}}