{"id":12368,"date":"2026-02-25T12:04:11","date_gmt":"2026-02-25T10:04:11","guid":{"rendered":"https:\/\/gokcemedikal.com\/uncategorized\/nebilizator-cihazi-c28-omron\/"},"modified":"2026-04-02T08:49:06","modified_gmt":"2026-04-02T06:49:06","slug":"nebilizator-cihazi-c28-omron","status":"publish","type":"product","link":"https:\/\/gokcemedikal.com\/en\/respiratory-therapy-devices\/nebilizator-cihazi-c28-omron\/","title":{"rendered":"NEB\u0130L\u0130ZAT\u00d6R C\u0130HAZI C28 OMRON"},"content":{"rendered":"<p>Omron compair c28p (ne-c105-e), astim, koah ve bron\u015fit gibi alt solunum rahatsizliklari i\u00e7in tasarlanmi\u015f,g\u00fc\u00e7l\u00fc pistonlu, dayanikli ve hizli(0,5ml\/dk)kompresorl\u00fc bir neb\u00fclizat\u00f6rd\u00fcr.<br \/>\nGeli\u015fmi\u015f valf teknolojisi ile maksimum ila\u00e7 verimlili\u011fi saplayan cihaz, 2-10ml kapasiteli, 1,3-1,9 kg a\u011firli\u011finda, \u00e7ocuk ve yeti\u015fkin maskeleriyle t\u00fcm aileye uygun bir medikal cihazdir.<\/p>\n<p>Temel \u00f6zellikleri;<br \/>\n* etkili tedavi(avt): geli\u015fmi\u015f valf teknolojisi(advanced valve technology), nefes alirken ilaci optimize eder ve verirken ila\u00e7 kaybini en aza indirir.<br \/>\n*y\u00fcksek hiz ve kapasite: yakla\u015fik 0,5ml\/dk neb\u00fclizasyon hizi ve 2ml-10ml arasi ila\u00e7 kapasitesi ile hizli tedavi<br \/>\nPar\u00e7acik boyutu:yakla\u015fik 3mmad par\u00e7aci boyutu i\u015fle alt solunum yollarina derinlemesine n\u00fcfus eder.<br \/>\nDayanikli ve sessiz: uzun \u00f6m\u00fcrl\u00fc ve sik kullanima uygun (siki\u015fmaya dayanikli) tasarim, yakla\u015fik.<br \/>\nKullanici dostu: su ge\u00e7irmez d\u00fc\u011fme, kolay temizlenebilen par\u00e7a yapisi ve ta\u015fima \u00e7antasi ile pratik kullanim.<\/p>\n<p>Teknik detaylar:<br \/>\nA\u011firlik:yaklasik 1,3kg<br \/>\nBoyutlar: yakla\u015fik 180x180x104mm<br \/>\n\u0130\u00e7erik: kompres\u00f6r, neb\u00fclizat\u00f6r kiti, hava t\u00fcp\u00fc, a\u011fizlik, burunluk, \u00e7ocuk\/yeti\u015fkin maskesi, hava filtreleri, ta\u015fima \u00e7antasi.<\/p>\n","protected":false},"excerpt":{"rendered":"<p>Omron compair c28p (ne-c105-e), astim, koah ve bron\u015fit gibi alt solunum rahatsizliklari i\u00e7in tasarlanmi\u015f,g\u00fc\u00e7l\u00fc pistonlu, dayanikli ve hizli(0,5ml\/dk)kompresorl\u00fc bir neb\u00fclizat\u00f6rd\u00fcr.<br \/>\nGeli\u015fmi\u015f valf teknolojisi ile maksimum ila\u00e7 verimlili\u011fi saplayan cihaz, 2-10ml kapasiteli, 1,3-1,9 kg a\u011firli\u011finda, \u00e7ocuk ve yeti\u015fkin maskeleriyle t\u00fcm aileye uygun bir medikal cihazdir.<\/p>\n<p>Temel \u00f6zellikleri;<br \/>\n* etkili tedavi(avt): geli\u015fmi\u015f valf teknolojisi(advanced valve technology), nefes alirken ilaci optimize eder ve verirken ila\u00e7 kaybini en aza indirir.<br \/>\n*y\u00fcksek hiz ve kapasite: yakla\u015fik 0,5ml\/dk neb\u00fclizasyon hizi ve 2ml-10ml arasi ila\u00e7 kapasitesi ile hizli tedavi<br \/>\nPar\u00e7acik boyutu:yakla\u015fik 3mmad par\u00e7aci boyutu i\u015fle alt solunum yollarina derinlemesine n\u00fcfus eder.<br \/>\nDayanikli ve sessiz: uzun \u00f6m\u00fcrl\u00fc ve sik kullanima uygun (siki\u015fmaya dayanikli) tasarim, yakla\u015fik.<br \/>\nKullanici dostu: su ge\u00e7irmez d\u00fc\u011fme, kolay temizlenebilen par\u00e7a yapisi ve ta\u015fima \u00e7antasi ile pratik kullanim.<\/p>\n<p>Teknik detaylar:<br \/>\nA\u011firlik:yaklasik 1,3kg<br \/>\nBoyutlar: yakla\u015fik 180x180x104mm<br \/>\n\u0130\u00e7erik: kompres\u00f6r, neb\u00fclizat\u00f6r kiti, hava t\u00fcp\u00fc, a\u011fizlik, burunluk, \u00e7ocuk\/yeti\u015fkin maskesi, hava filtreleri, ta\u015fima \u00e7antasi.<\/p>\n","protected":false},"featured_media":12367,"template":"","meta":[],"product_brand":[],"product_cat":[313],"product_tag":[],"class_list":{"0":"post-12368","1":"product","2":"type-product","3":"status-publish","4":"has-post-thumbnail","6":"product_cat-respiratory-therapy-devices","8":"first","9":"instock","10":"shipping-taxable","11":"product-type-simple"},"_links":{"self":[{"href":"https:\/\/gokcemedikal.com\/en\/wp-json\/wp\/v2\/product\/12368","targetHints":{"allow":["GET"]}}],"collection":[{"href":"https:\/\/gokcemedikal.com\/en\/wp-json\/wp\/v2\/product"}],"about":[{"href":"https:\/\/gokcemedikal.com\/en\/wp-json\/wp\/v2\/types\/product"}],"wp:featuredmedia":[{"embeddable":true,"href":"https:\/\/gokcemedikal.com\/en\/wp-json\/wp\/v2\/media\/12367"}],"wp:attachment":[{"href":"https:\/\/gokcemedikal.com\/en\/wp-json\/wp\/v2\/media?parent=12368"}],"wp:term":[{"taxonomy":"product_brand","embeddable":true,"href":"https:\/\/gokcemedikal.com\/en\/wp-json\/wp\/v2\/product_brand?post=12368"},{"taxonomy":"product_cat","embeddable":true,"href":"https:\/\/gokcemedikal.com\/en\/wp-json\/wp\/v2\/product_cat?post=12368"},{"taxonomy":"product_tag","embeddable":true,"href":"https:\/\/gokcemedikal.com\/en\/wp-json\/wp\/v2\/product_tag?post=12368"}],"curies":[{"name":"wp","href":"https:\/\/api.w.org\/{rel}","templated":true}]}}