{"id":12345,"date":"2025-11-19T15:28:57","date_gmt":"2025-11-19T13:32:31","guid":{"rendered":"https:\/\/gokcemedikal.com\/uncategorized\/epirepair\/"},"modified":"2025-11-19T15:32:31","modified_gmt":"2025-11-19T13:32:31","slug":"epirepair","status":"publish","type":"product","link":"https:\/\/gokcemedikal.com\/en\/skin-care-and-wound-treatment-products\/epirepair\/","title":{"rendered":"EPIREPAIR"},"content":{"rendered":"<p>EpiRepair \u00e7\u00fcr\u00fck kremi, g\u00fcnl\u00fck \u00e7\u00fcr\u00fcklerden OnabotulinumtoxinA veya &#8220;Botoks&#8221;,<br \/>\nLiposuction, skleroterapi veya dermal dolgular gibi kozmetik prosed\u00fcrlere kadar her<br \/>\n\u015feyle ili\u015fkili \u00e7\u00fcr\u00fckleri azaltmak i\u00e7in \u00f6zel olarak g\u00fc\u00e7lendirilmi\u015ftir.<\/p>\n<p>Bu profesyonel g\u00fc\u00e7 kremi, Arnika Ya\u011f\u0131, Emu Ya\u011f\u0131, K Vitamini, E Vitamini ve Ye\u015fil \u00c7ay Ekstresi ile<br \/>\nform\u00fcle edilmi\u015ftir. Arnika Ya\u011f\u0131, ciltte s\u0131k\u0131\u015fan s\u0131v\u0131lar\u0131 d\u0131\u015far\u0131 atarak kan dola\u015f\u0131m\u0131n\u0131 art\u0131rabilir. <\/p>\n<p>Emu Ya\u011f\u0131, nemlendirici ve transdermal ta\u015f\u0131y\u0131c\u0131 g\u00f6revi g\u00f6rerek dola\u015f\u0131m\u0131n iyile\u015fmesini h\u0131zland\u0131r\u0131r<br \/>\nve daha h\u0131zl\u0131 iyile\u015fmeyi destekler. K vitamini, morarmalara yard\u0131mc\u0131 olan ve iltihab\u0131 azaltan temel<br \/>\nbir besindir. <\/p>\n<p>Green Team Extract is a known antioxidant and contains:<br \/>\nA bioflavonoid called Vitamin P, which is essential for maintaining healthy blood vessel walls.<br \/>\nVitamin E is also a known antioxidant, vital for maintaining healthy skin and protecting against harmful free radicals.<\/p>\n","protected":false},"excerpt":{"rendered":"<p>EpiRepair bruising cream is specially formulated to reduce bruising caused by everything from everyday bruising to cosmetic procedures like Botox, liposuction, sclerotherapy, or dermal fillers.<\/p>\n<p>This professional strength cream is formulated with Arnica Oil, Emu Oil, Vitamin K, Vitamin E, and Green Tea Extract. Arnica Oil can increase the effectiveness of the skin by drawing out trapped fluids. <\/p>\n<p>Emu Oil acts as a moisturizer and transdermal carrier, improving circulation and promoting faster healing. Vitamin K is an essential nutrient that helps with bruising and reduces inflammation. <\/p>\n<p>Green Team Extract is a known antioxidant and contains:<br \/>\nA bioflavonoid called Vitamin P, which is essential for maintaining healthy blood vessel walls.<br \/>\nVitamin E is also a known antioxidant, vital for maintaining healthy skin and protecting against harmful free radicals.<\/p>\n","protected":false},"featured_media":12344,"template":"","meta":[],"product_brand":[],"product_cat":[629],"product_tag":[],"class_list":{"0":"post-12345","1":"product","2":"type-product","3":"status-publish","4":"has-post-thumbnail","6":"product_cat-skin-care-and-wound-treatment-products","8":"first","9":"instock","10":"shipping-taxable","11":"product-type-simple"},"_links":{"self":[{"href":"https:\/\/gokcemedikal.com\/en\/wp-json\/wp\/v2\/product\/12345","targetHints":{"allow":["GET"]}}],"collection":[{"href":"https:\/\/gokcemedikal.com\/en\/wp-json\/wp\/v2\/product"}],"about":[{"href":"https:\/\/gokcemedikal.com\/en\/wp-json\/wp\/v2\/types\/product"}],"wp:featuredmedia":[{"embeddable":true,"href":"https:\/\/gokcemedikal.com\/en\/wp-json\/wp\/v2\/media\/12344"}],"wp:attachment":[{"href":"https:\/\/gokcemedikal.com\/en\/wp-json\/wp\/v2\/media?parent=12345"}],"wp:term":[{"taxonomy":"product_brand","embeddable":true,"href":"https:\/\/gokcemedikal.com\/en\/wp-json\/wp\/v2\/product_brand?post=12345"},{"taxonomy":"product_cat","embeddable":true,"href":"https:\/\/gokcemedikal.com\/en\/wp-json\/wp\/v2\/product_cat?post=12345"},{"taxonomy":"product_tag","embeddable":true,"href":"https:\/\/gokcemedikal.com\/en\/wp-json\/wp\/v2\/product_tag?post=12345"}],"curies":[{"name":"wp","href":"https:\/\/api.w.org\/{rel}","templated":true}]}}