{"id":10924,"date":"2022-12-23T10:19:04","date_gmt":"2022-12-23T12:18:04","guid":{"rendered":"https:\/\/gokcemedikal.com\/uncategorized\/tens-device-n604-everyway\/"},"modified":"2024-04-18T15:22:13","modified_gmt":"2024-04-18T13:22:13","slug":"tens-device-n604-everyway","status":"publish","type":"product","link":"https:\/\/gokcemedikal.com\/en\/physiotherapy-products\/tens-device-n604-everyway\/","title":{"rendered":"TENS DEVICE N604 EVERYWAY"},"content":{"rendered":"<ul>\n<li>Birbirinden Ba\u011f\u0131ms\u0131z 2 Kanall\u0131<\/li>\n<li>There are 4 40x40cm adhesive pads inside.<\/li>\n<li>9V pil ile \u00c7al\u0131\u015f\u0131r<\/li>\n<li>Treatment Time Adjustable (15 min-30 min-Continuous)<\/li>\n<li>Burst-Continius-Modulation-SD1-SD2 Currents<\/li>\n<li>Asymmetrical Biphasic Waveform<\/li>\n<li>Stylish Carrying Case<\/li>\n<\/ul>\n","protected":false},"excerpt":{"rendered":"<p>Birbirinden Ba\u011f\u0131ms\u0131z 2 Kanall\u0131 There are 4 40x40cm adhesive pads inside. 9V pil ile \u00c7al\u0131\u015f\u0131r Treatment Time Adjustable (15 min-30 min-Continuous) Burst-Continius-Modulation-SD1-SD2 Currents Asymmetrical Biphasic Waveform Stylish Carrying Case<\/p>\n","protected":false},"featured_media":10898,"template":"","meta":[],"product_brand":[],"product_cat":[406],"product_tag":[],"class_list":{"0":"post-10924","1":"product","2":"type-product","3":"status-publish","4":"has-post-thumbnail","6":"product_cat-physiotherapy-products","8":"first","9":"instock","10":"shipping-taxable","11":"product-type-simple"},"_links":{"self":[{"href":"https:\/\/gokcemedikal.com\/en\/wp-json\/wp\/v2\/product\/10924","targetHints":{"allow":["GET"]}}],"collection":[{"href":"https:\/\/gokcemedikal.com\/en\/wp-json\/wp\/v2\/product"}],"about":[{"href":"https:\/\/gokcemedikal.com\/en\/wp-json\/wp\/v2\/types\/product"}],"wp:featuredmedia":[{"embeddable":true,"href":"https:\/\/gokcemedikal.com\/en\/wp-json\/wp\/v2\/media\/10898"}],"wp:attachment":[{"href":"https:\/\/gokcemedikal.com\/en\/wp-json\/wp\/v2\/media?parent=10924"}],"wp:term":[{"taxonomy":"product_brand","embeddable":true,"href":"https:\/\/gokcemedikal.com\/en\/wp-json\/wp\/v2\/product_brand?post=10924"},{"taxonomy":"product_cat","embeddable":true,"href":"https:\/\/gokcemedikal.com\/en\/wp-json\/wp\/v2\/product_cat?post=10924"},{"taxonomy":"product_tag","embeddable":true,"href":"https:\/\/gokcemedikal.com\/en\/wp-json\/wp\/v2\/product_tag?post=10924"}],"curies":[{"name":"wp","href":"https:\/\/api.w.org\/{rel}","templated":true}]}}