{"id":10923,"date":"2022-12-23T10:33:53","date_gmt":"2022-12-23T08:33:53","guid":{"rendered":"https:\/\/gokcemedikal.com\/uncategorized\/manual-chest-pump-yd-1030-meslife\/"},"modified":"2024-04-18T15:22:13","modified_gmt":"2024-04-18T13:22:13","slug":"manuel-gogus-pompasi-yd-1030-mesilife","status":"publish","type":"product","link":"https:\/\/gokcemedikal.com\/en\/other-medical-equipment-device\/manuel-gogus-pompasi-yd-1030-mesilife\/","title":{"rendered":"MES\u0130L\u0130FE MANUEL G\u00d6\u011e\u00dcS POMPASI YD-1030"},"content":{"rendered":"<p>Tulumba Tipi Elle Kullan\u0131m<br \/>\nGeni\u015f Basma Sap\u0131<br \/>\nHafif Rahat Kullan\u0131m<br \/>\nEmi\u015f Taklidi ile A\u011fr\u0131s\u0131z Sa\u011f\u0131m<br \/>\n\u015e\u0131k dizayn<\/p>\n","protected":false},"excerpt":{"rendered":"<p>Tulumba Tipi Elle Kullan\u0131m Geni\u015f Basma Sap\u0131 Hafif Rahat Kullan\u0131m Emi\u015f Taklidi ile A\u011fr\u0131s\u0131z Sa\u011f\u0131m \u015e\u0131k dizayn<\/p>\n","protected":false},"featured_media":10901,"template":"","meta":[],"product_brand":[],"product_cat":[405],"product_tag":[612,611],"class_list":{"0":"post-10923","1":"product","2":"type-product","3":"status-publish","4":"has-post-thumbnail","6":"product_cat-other-medical-equipment-device","7":"product_tag-1030-en","8":"product_tag-manuel-en","9":"product_shipping_class-big-cargo","11":"first","12":"instock","13":"shipping-taxable","14":"product-type-simple"},"_links":{"self":[{"href":"https:\/\/gokcemedikal.com\/en\/wp-json\/wp\/v2\/product\/10923","targetHints":{"allow":["GET"]}}],"collection":[{"href":"https:\/\/gokcemedikal.com\/en\/wp-json\/wp\/v2\/product"}],"about":[{"href":"https:\/\/gokcemedikal.com\/en\/wp-json\/wp\/v2\/types\/product"}],"wp:featuredmedia":[{"embeddable":true,"href":"https:\/\/gokcemedikal.com\/en\/wp-json\/wp\/v2\/media\/10901"}],"wp:attachment":[{"href":"https:\/\/gokcemedikal.com\/en\/wp-json\/wp\/v2\/media?parent=10923"}],"wp:term":[{"taxonomy":"product_brand","embeddable":true,"href":"https:\/\/gokcemedikal.com\/en\/wp-json\/wp\/v2\/product_brand?post=10923"},{"taxonomy":"product_cat","embeddable":true,"href":"https:\/\/gokcemedikal.com\/en\/wp-json\/wp\/v2\/product_cat?post=10923"},{"taxonomy":"product_tag","embeddable":true,"href":"https:\/\/gokcemedikal.com\/en\/wp-json\/wp\/v2\/product_tag?post=10923"}],"curies":[{"name":"wp","href":"https:\/\/api.w.org\/{rel}","templated":true}]}}