{"id":10871,"date":"2022-10-13T10:53:37","date_gmt":"2022-12-17T08:12:20","guid":{"rendered":"https:\/\/gokcemedikal.com\/uncategorized\/isinli-dolgu-cihazi-woodpecker\/"},"modified":"2024-04-18T15:22:15","modified_gmt":"2024-04-18T13:22:15","slug":"isinli-dolgu-cihazi-woodpecker-2","status":"publish","type":"product","link":"https:\/\/gokcemedikal.com\/en\/dental-consumables\/isinli-dolgu-cihazi-woodpecker-2\/","title":{"rendered":"I\u015f\u0131nl\u0131 Dolgu Cihaz\u0131 woodpecker"},"content":{"rendered":"","protected":false},"excerpt":{"rendered":"","protected":false},"featured_media":10627,"template":"","meta":[],"product_brand":[],"product_cat":[545],"product_tag":[],"class_list":{"0":"post-10871","1":"product","2":"type-product","3":"status-publish","4":"has-post-thumbnail","6":"product_cat-dental-consumables","8":"first","9":"instock","10":"shipping-taxable","11":"product-type-simple"},"_links":{"self":[{"href":"https:\/\/gokcemedikal.com\/en\/wp-json\/wp\/v2\/product\/10871","targetHints":{"allow":["GET"]}}],"collection":[{"href":"https:\/\/gokcemedikal.com\/en\/wp-json\/wp\/v2\/product"}],"about":[{"href":"https:\/\/gokcemedikal.com\/en\/wp-json\/wp\/v2\/types\/product"}],"wp:featuredmedia":[{"embeddable":true,"href":"https:\/\/gokcemedikal.com\/en\/wp-json\/wp\/v2\/media\/10627"}],"wp:attachment":[{"href":"https:\/\/gokcemedikal.com\/en\/wp-json\/wp\/v2\/media?parent=10871"}],"wp:term":[{"taxonomy":"product_brand","embeddable":true,"href":"https:\/\/gokcemedikal.com\/en\/wp-json\/wp\/v2\/product_brand?post=10871"},{"taxonomy":"product_cat","embeddable":true,"href":"https:\/\/gokcemedikal.com\/en\/wp-json\/wp\/v2\/product_cat?post=10871"},{"taxonomy":"product_tag","embeddable":true,"href":"https:\/\/gokcemedikal.com\/en\/wp-json\/wp\/v2\/product_tag?post=10871"}],"curies":[{"name":"wp","href":"https:\/\/api.w.org\/{rel}","templated":true}]}}