{"id":10066,"date":"2022-09-26T10:54:14","date_gmt":"2022-09-27T13:28:58","guid":{"rendered":"https:\/\/gokcemedikal.com\/uncategorized\/msd-skinfold-caliper-yag-olcer\/"},"modified":"2022-09-27T15:30:31","modified_gmt":"2022-09-27T13:30:31","slug":"msd-skinfold-caliper-yag-olcer","status":"publish","type":"product","link":"https:\/\/gokcemedikal.com\/en\/physiotherapy-products\/msd-skinfold-caliper-yag-olcer\/","title":{"rendered":"MSD SK\u0130NFOLD CAL\u0130PER (YA\u011e \u00d6L\u00c7ER)"},"content":{"rendered":"<ul>\n<li>\n<h2><strong><span class=\"Y2IQFc\" lang=\"tr\">KL\u0130N\u0130K OLARAK KANITLANMI\u015e DO\u011eRULUK<\/span><\/strong><\/h2>\n<\/li>\n<li>\n<h2><strong><span class=\"Y2IQFc\" lang=\"tr\">NO DANGEROUS ELECTRONIC CURRENT<br \/>\n<\/span><\/strong><\/h2>\n<\/li>\n<li>\n<h2 id=\"tw-target-text\" class=\"tw-data-text tw-text-large tw-ta\" dir=\"ltr\" data-placeholder=\"\u00c7eviri\"><strong><span class=\"Y2IQFc\" lang=\"tr\">EASY TO USE &#8211; SELF-CONTAINED<\/span><\/strong><\/h2>\n<\/li>\n<li>\n<h2 id=\"tw-target-text\" class=\"tw-data-text tw-text-large tw-ta\" dir=\"ltr\" data-placeholder=\"\u00c7eviri\"><span class=\"Y2IQFc\" lang=\"tr\">WATCH FAT LOSS IN SECONDS<\/span><\/h2>\n<\/li>\n<\/ul>\n","protected":false},"excerpt":{"rendered":"<p>KL\u0130N\u0130K OLARAK KANITLANMI\u015e DO\u011eRULUK NO DANGEROUS ELECTRONIC CURRENT EASY TO USE &#8211; SELF-CONTAINED WATCH FAT LOSS IN SECONDS<\/p>\n","protected":false},"featured_media":9938,"template":"","meta":[],"product_brand":[],"product_cat":[406],"product_tag":[],"class_list":{"0":"post-10066","1":"product","2":"type-product","3":"status-publish","4":"has-post-thumbnail","6":"product_cat-physiotherapy-products","8":"first","9":"instock","10":"shipping-taxable","11":"product-type-simple"},"_links":{"self":[{"href":"https:\/\/gokcemedikal.com\/en\/wp-json\/wp\/v2\/product\/10066","targetHints":{"allow":["GET"]}}],"collection":[{"href":"https:\/\/gokcemedikal.com\/en\/wp-json\/wp\/v2\/product"}],"about":[{"href":"https:\/\/gokcemedikal.com\/en\/wp-json\/wp\/v2\/types\/product"}],"wp:featuredmedia":[{"embeddable":true,"href":"https:\/\/gokcemedikal.com\/en\/wp-json\/wp\/v2\/media\/9938"}],"wp:attachment":[{"href":"https:\/\/gokcemedikal.com\/en\/wp-json\/wp\/v2\/media?parent=10066"}],"wp:term":[{"taxonomy":"product_brand","embeddable":true,"href":"https:\/\/gokcemedikal.com\/en\/wp-json\/wp\/v2\/product_brand?post=10066"},{"taxonomy":"product_cat","embeddable":true,"href":"https:\/\/gokcemedikal.com\/en\/wp-json\/wp\/v2\/product_cat?post=10066"},{"taxonomy":"product_tag","embeddable":true,"href":"https:\/\/gokcemedikal.com\/en\/wp-json\/wp\/v2\/product_tag?post=10066"}],"curies":[{"name":"wp","href":"https:\/\/api.w.org\/{rel}","templated":true}]}}